{"id":2978,"date":"2023-05-23T15:29:05","date_gmt":"2023-05-23T13:29:05","guid":{"rendered":"https:\/\/harly-tea.at\/?post_type=product&#038;p=2978"},"modified":"2026-03-12T11:35:45","modified_gmt":"2026-03-12T10:35:45","slug":"kinto-travel-tumbler-500ml","status":"publish","type":"product","link":"https:\/\/harly-tea.at\/de\/produkt\/kinto-travel-tumbler-500ml\/","title":{"rendered":"KINTO &#8211; Travel TUMBLER 500ml"},"content":{"rendered":"<p>Der doppelwandige Edelstahl-Tumbler verf\u00fcgt \u00fcber ein Vakuum zwischen Innen- und Au\u00dfenwand, das eine W\u00e4rme\u00fcbertragung verhindert. Die Folienschicht, die die Innenwand bedeckt, reflektiert die W\u00e4rme nach innen und tr\u00e4gt so ebenfalls zu einem ausgezeichneten W\u00e4rme- und K\u00e4ltespeicher bei. H\u00e4lt Getr\u00e4nke f\u00fcr 6 Stunden unter 8 Grad kalt und \u00fcber 65 Grad warm.<\/p>\n<p>Fassungsverm\u00f6gen: 500ml<br \/>\nMaterialien: 18-8 Edelstahl, Polypropylen, Silikon, BPA-frei, Made in China<\/p>\n","protected":false},"excerpt":{"rendered":"<p>Der doppelwandige Edelstahl-Tumbler verf\u00fcgt \u00fcber ein Vakuum zwischen Innen- und Au\u00dfenwand, das eine W\u00e4rme\u00fcbertragung verhindert. Die Folienschicht, die die Innenwand<\/p>\n","protected":false},"featured_media":2956,"template":"","meta":[],"product_brand":[],"product_cat":[65],"product_tag":[],"class_list":{"0":"post-2978","1":"product","2":"type-product","3":"status-publish","4":"has-post-thumbnail","6":"product_cat-teekannen-tassen","8":"first","9":"instock","10":"taxable","11":"shipping-taxable","12":"purchasable","13":"product-type-variable"},"_links":{"self":[{"href":"https:\/\/harly-tea.at\/de\/wp-json\/wp\/v2\/product\/2978","targetHints":{"allow":["GET"]}}],"collection":[{"href":"https:\/\/harly-tea.at\/de\/wp-json\/wp\/v2\/product"}],"about":[{"href":"https:\/\/harly-tea.at\/de\/wp-json\/wp\/v2\/types\/product"}],"wp:featuredmedia":[{"embeddable":true,"href":"https:\/\/harly-tea.at\/de\/wp-json\/wp\/v2\/media\/2956"}],"wp:attachment":[{"href":"https:\/\/harly-tea.at\/de\/wp-json\/wp\/v2\/media?parent=2978"}],"wp:term":[{"taxonomy":"product_brand","embeddable":true,"href":"https:\/\/harly-tea.at\/de\/wp-json\/wp\/v2\/product_brand?post=2978"},{"taxonomy":"product_cat","embeddable":true,"href":"https:\/\/harly-tea.at\/de\/wp-json\/wp\/v2\/product_cat?post=2978"},{"taxonomy":"product_tag","embeddable":true,"href":"https:\/\/harly-tea.at\/de\/wp-json\/wp\/v2\/product_tag?post=2978"}],"curies":[{"name":"wp","href":"https:\/\/api.w.org\/{rel}","templated":true}]}}