{"id":2988,"date":"2023-05-23T15:52:09","date_gmt":"2023-05-23T13:52:09","guid":{"rendered":"https:\/\/harly-tea.at\/?post_type=product&#038;p=2988"},"modified":"2026-03-12T12:05:56","modified_gmt":"2026-03-12T11:05:56","slug":"kinto-kronos-doppelwandige-tasse-80ml","status":"publish","type":"product","link":"https:\/\/harly-tea.at\/de\/produkt\/kinto-kronos-doppelwandige-tasse-80ml\/","title":{"rendered":"KINTO &#8211; KRONOS doppelwandige Tasse"},"content":{"rendered":"<p>KRONOS l\u00e4sst die Getr\u00e4nke dank der doppelwandigen Struktur wie in der Luft schweben. Die W\u00f6lbung unterst\u00fctzt Ihre Finger f\u00fcr ein einfaches Greifen, und der Becher hat einen idealen Winkel zum Trinken. Dank der thermisch isolierten Konstruktion halten die Becher die Temperatur von hei\u00dfen und kalten Getr\u00e4nken lange aufrecht.<\/p>\n<p>Das Design stammt von Arsenio Garcia und Sachiko Uozomi.<\/p>\n<p>(Durchmesser 55mm, H70mm, B65mm)<\/p>\n","protected":false},"excerpt":{"rendered":"<p>KRONOS l\u00e4sst die Getr\u00e4nke dank der doppelwandigen Struktur wie in der Luft schweben. Die W\u00f6lbung unterst\u00fctzt Ihre Finger f\u00fcr ein<\/p>\n","protected":false},"featured_media":2946,"template":"","meta":[],"product_brand":[],"product_cat":[65],"product_tag":[],"class_list":{"0":"post-2988","1":"product","2":"type-product","3":"status-publish","4":"has-post-thumbnail","6":"product_cat-teekannen-tassen","8":"first","9":"instock","10":"taxable","11":"shipping-taxable","12":"purchasable","13":"product-type-variable"},"_links":{"self":[{"href":"https:\/\/harly-tea.at\/de\/wp-json\/wp\/v2\/product\/2988","targetHints":{"allow":["GET"]}}],"collection":[{"href":"https:\/\/harly-tea.at\/de\/wp-json\/wp\/v2\/product"}],"about":[{"href":"https:\/\/harly-tea.at\/de\/wp-json\/wp\/v2\/types\/product"}],"wp:featuredmedia":[{"embeddable":true,"href":"https:\/\/harly-tea.at\/de\/wp-json\/wp\/v2\/media\/2946"}],"wp:attachment":[{"href":"https:\/\/harly-tea.at\/de\/wp-json\/wp\/v2\/media?parent=2988"}],"wp:term":[{"taxonomy":"product_brand","embeddable":true,"href":"https:\/\/harly-tea.at\/de\/wp-json\/wp\/v2\/product_brand?post=2988"},{"taxonomy":"product_cat","embeddable":true,"href":"https:\/\/harly-tea.at\/de\/wp-json\/wp\/v2\/product_cat?post=2988"},{"taxonomy":"product_tag","embeddable":true,"href":"https:\/\/harly-tea.at\/de\/wp-json\/wp\/v2\/product_tag?post=2988"}],"curies":[{"name":"wp","href":"https:\/\/api.w.org\/{rel}","templated":true}]}}