{"id":3007,"date":"2023-06-01T12:44:22","date_gmt":"2023-06-01T10:44:22","guid":{"rendered":"https:\/\/harly-tea.at\/?post_type=product&#038;p=3007"},"modified":"2025-08-25T13:26:00","modified_gmt":"2025-08-25T11:26:00","slug":"mocktailseistee","status":"publish","type":"product","link":"https:\/\/harly-tea.at\/de\/produkt\/mocktailseistee\/","title":{"rendered":"Mocktails&#038;Eistee"},"content":{"rendered":"<p class=\"x_MsoNormal\"><span lang=\"DE\">Tee ist ein Getr\u00e4nk f\u00fcr alle Jahreszeiten \u2013 viel zu wenig ist bekannt, dass kalter Tee pur oder als Mixgetr\u00e4nk genial schmecken kann und viel ges\u00fcnder ist, als die meisten Supermarkt-S\u00e4fte. Wir wollen das gemeinsam erarbeiten:<\/span><\/p>\n<ul type=\"disc\">\n<li class=\"x_MsoListParagraph\"><span lang=\"DE\">Welche Tees eignen sich als Kaltgetr\u00e4nk<\/span><\/li>\n<li class=\"x_MsoListParagraph\"><span lang=\"DE\">Br\u00fchmethoden<\/span><\/li>\n<li class=\"x_MsoListParagraph\"><span lang=\"DE\">Zutaten f\u00fcr Mix-Getr\u00e4nke<\/span><\/li>\n<li class=\"x_MsoListParagraph\"><span lang=\"DE\">Gemeinsame Experimente<\/span><\/li>\n<\/ul>\n","protected":false},"excerpt":{"rendered":"<p><strong>N\u00e4chster Termin:<\/strong><\/p>\n<p><b>20.Juni.2025, Freitag, 18:00 Uhr<\/b><\/p>\n","protected":false},"featured_media":1446,"template":"","meta":[],"product_brand":[],"product_cat":[167,168],"product_tag":[],"class_list":{"0":"post-3007","1":"product","2":"type-product","3":"status-publish","4":"has-post-thumbnail","6":"product_cat-events","7":"product_cat-seminare","9":"first","10":"outofstock","11":"taxable","12":"shipping-taxable","13":"purchasable","14":"product-type-simple"},"_links":{"self":[{"href":"https:\/\/harly-tea.at\/de\/wp-json\/wp\/v2\/product\/3007","targetHints":{"allow":["GET"]}}],"collection":[{"href":"https:\/\/harly-tea.at\/de\/wp-json\/wp\/v2\/product"}],"about":[{"href":"https:\/\/harly-tea.at\/de\/wp-json\/wp\/v2\/types\/product"}],"wp:featuredmedia":[{"embeddable":true,"href":"https:\/\/harly-tea.at\/de\/wp-json\/wp\/v2\/media\/1446"}],"wp:attachment":[{"href":"https:\/\/harly-tea.at\/de\/wp-json\/wp\/v2\/media?parent=3007"}],"wp:term":[{"taxonomy":"product_brand","embeddable":true,"href":"https:\/\/harly-tea.at\/de\/wp-json\/wp\/v2\/product_brand?post=3007"},{"taxonomy":"product_cat","embeddable":true,"href":"https:\/\/harly-tea.at\/de\/wp-json\/wp\/v2\/product_cat?post=3007"},{"taxonomy":"product_tag","embeddable":true,"href":"https:\/\/harly-tea.at\/de\/wp-json\/wp\/v2\/product_tag?post=3007"}],"curies":[{"name":"wp","href":"https:\/\/api.w.org\/{rel}","templated":true}]}}