{"id":3076,"date":"2023-08-04T14:30:14","date_gmt":"2023-08-04T12:30:14","guid":{"rendered":"https:\/\/harly-tea.at\/?post_type=product&#038;p=3076"},"modified":"2023-11-05T07:09:21","modified_gmt":"2023-11-05T06:09:21","slug":"tuerkischer-little-dragon-ernte-2023","status":"publish","type":"product","link":"https:\/\/harly-tea.at\/de\/produkt\/tuerkischer-little-dragon-ernte-2023\/","title":{"rendered":"T\u00fcrkischer Little Dragon Ernte 2023"},"content":{"rendered":"<p>Handgepfl\u00fcckter und handgemachter Gr\u00fcntee im Geiste des ber\u00fchmten Chinesischen Long Jing Tees. Diese Spezialit\u00e4t wird getrocknet, indem die Bl\u00e4tter gegen den Wok gedr\u00fcckt werden und entsprechend flach sind. Resultat ist ein sanfter Tee, s\u00fc\u00dflich mit leidchtem R\u00f6staroma.<br \/>\nProduzent: Ayt\u00fcl Turan &amp; Yasemin Yazici, Rize<\/p>\n<p>&nbsp;<\/p>\n<div class=\"row mt-5\">\n   <div class=\"col-md-12 text-center\">\n      <h3>Zubereitungsempfehlung<\/h3>\n   <\/div>\n   <\/div><div class=\"row\">   <div class=\"col-md-4 wc-info-box\">\n      <i class=\"fa fa-3x fa-scale-balanced\"><\/i>\n      <h4>3-4 Gramm Tee pro 200ml<\/h4>\n      <\/div>   <div class=\"col-md-4 wc-info-box\">\n      <i class=\"fa fa-3x fa-temperature-full\"><\/i>\n      <h4>75\u00b0C Wassertemperatur<\/h4>\n      <\/div>   <div class=\"col-md-4 wc-info-box\">\n      <i class=\"fa fa-3x fa-clock\"><\/i>\n      <h4>3 Minuten Ziehzeit<\/h4>\n      <\/div><\/div>\n","protected":false},"excerpt":{"rendered":"<p>Handgepfl\u00fcckter und handgemachter Gr\u00fcntee im Geiste des ber\u00fchmten Chinesischen Long Jing Tees. Diese Spezialit\u00e4t wird getrocknet, indem die Bl\u00e4tter gegen<\/p>\n","protected":false},"featured_media":3042,"template":"","meta":[],"product_brand":[],"product_cat":[17,16],"product_tag":[],"class_list":{"0":"post-3076","1":"product","2":"type-product","3":"status-publish","4":"has-post-thumbnail","6":"product_cat-gruenertee","7":"product_cat-tee","9":"first","10":"outofstock","11":"taxable","12":"shipping-taxable","13":"purchasable","14":"product-type-simple"},"_links":{"self":[{"href":"https:\/\/harly-tea.at\/de\/wp-json\/wp\/v2\/product\/3076","targetHints":{"allow":["GET"]}}],"collection":[{"href":"https:\/\/harly-tea.at\/de\/wp-json\/wp\/v2\/product"}],"about":[{"href":"https:\/\/harly-tea.at\/de\/wp-json\/wp\/v2\/types\/product"}],"wp:featuredmedia":[{"embeddable":true,"href":"https:\/\/harly-tea.at\/de\/wp-json\/wp\/v2\/media\/3042"}],"wp:attachment":[{"href":"https:\/\/harly-tea.at\/de\/wp-json\/wp\/v2\/media?parent=3076"}],"wp:term":[{"taxonomy":"product_brand","embeddable":true,"href":"https:\/\/harly-tea.at\/de\/wp-json\/wp\/v2\/product_brand?post=3076"},{"taxonomy":"product_cat","embeddable":true,"href":"https:\/\/harly-tea.at\/de\/wp-json\/wp\/v2\/product_cat?post=3076"},{"taxonomy":"product_tag","embeddable":true,"href":"https:\/\/harly-tea.at\/de\/wp-json\/wp\/v2\/product_tag?post=3076"}],"curies":[{"name":"wp","href":"https:\/\/api.w.org\/{rel}","templated":true}]}}