{"id":3077,"date":"2023-08-04T14:45:51","date_gmt":"2023-08-04T12:45:51","guid":{"rendered":"https:\/\/harly-tea.at\/?post_type=product&#038;p=3077"},"modified":"2026-04-05T13:13:36","modified_gmt":"2026-04-05T11:13:36","slug":"ladies-oolong-ernte-2025","status":"publish","type":"product","link":"https:\/\/harly-tea.at\/de\/produkt\/ladies-oolong-ernte-2025\/","title":{"rendered":"Ladies Oolong Ernte 2025 &#8211; TeaChef"},"content":{"rendered":"<p>Handgepfl\u00fcckter und handgemachter Oolong aus Rize, T\u00fcrkei. Vollmundiger, sanfter Oolong mit einer feinen <strong data-start=\"415\" data-end=\"435\">nat\u00fcrlichen S\u00fc\u00dfe. <\/strong>In der Tasse entfalten sich fruchtige und leicht vegetabile Noten, begleitet von Ankl\u00e4ngen an Honig, Trockenfr\u00fcchtekompott, ger\u00f6stete S\u00fc\u00dfkartoffel und K\u00fcrbis.<\/p>\n<p>Kann mehrmals aufgegossen werden.<br \/>\nProduzent: Yasemin Yazici &amp; Ayt\u00fcl Turan, <a href=\"https:\/\/harly-tea.at\/de\/tea-chef\/\">TeaChef<\/a> Rize<\/p>\n<div class=\"row mt-5\">\n   <div class=\"col-md-12 text-center\">\n      <h3>Zubereitungsempfehlung<\/h3>\n   <\/div>\n   <\/div><div class=\"row\">   <div class=\"col-md-4 wc-info-box\">\n      <i class=\"fa fa-3x fa-scale-balanced\"><\/i>\n      <h4>3-4 Gramm Tee pro 200ml<\/h4>\n      <\/div>   <div class=\"col-md-4 wc-info-box\">\n      <i class=\"fa fa-3x fa-temperature-full\"><\/i>\n      <h4>80\u00b0C Wassertemperatur<\/h4>\n      <\/div>   <div class=\"col-md-4 wc-info-box\">\n      <i class=\"fa fa-3x fa-clock\"><\/i>\n      <h4>3 Minuten Ziehzeit<\/h4>\n      <\/div><\/div>\n","protected":false},"excerpt":{"rendered":"<p>Handgepfl\u00fcckter und handgemachter Oolong aus Rize, T\u00fcrkei. Vollmundiger, sanfter Oolong mit einer feinen nat\u00fcrlichen S\u00fc\u00dfe. In der Tasse entfalten sich<\/p>\n","protected":false},"featured_media":3044,"template":"","meta":[],"product_brand":[],"product_cat":[95,16],"product_tag":[],"class_list":{"0":"post-3077","1":"product","2":"type-product","3":"status-publish","4":"has-post-thumbnail","6":"product_cat-oolong-tee","7":"product_cat-tee","9":"first","10":"instock","11":"taxable","12":"shipping-taxable","13":"purchasable","14":"product-type-simple"},"_links":{"self":[{"href":"https:\/\/harly-tea.at\/de\/wp-json\/wp\/v2\/product\/3077","targetHints":{"allow":["GET"]}}],"collection":[{"href":"https:\/\/harly-tea.at\/de\/wp-json\/wp\/v2\/product"}],"about":[{"href":"https:\/\/harly-tea.at\/de\/wp-json\/wp\/v2\/types\/product"}],"wp:featuredmedia":[{"embeddable":true,"href":"https:\/\/harly-tea.at\/de\/wp-json\/wp\/v2\/media\/3044"}],"wp:attachment":[{"href":"https:\/\/harly-tea.at\/de\/wp-json\/wp\/v2\/media?parent=3077"}],"wp:term":[{"taxonomy":"product_brand","embeddable":true,"href":"https:\/\/harly-tea.at\/de\/wp-json\/wp\/v2\/product_brand?post=3077"},{"taxonomy":"product_cat","embeddable":true,"href":"https:\/\/harly-tea.at\/de\/wp-json\/wp\/v2\/product_cat?post=3077"},{"taxonomy":"product_tag","embeddable":true,"href":"https:\/\/harly-tea.at\/de\/wp-json\/wp\/v2\/product_tag?post=3077"}],"curies":[{"name":"wp","href":"https:\/\/api.w.org\/{rel}","templated":true}]}}