{"id":3131,"date":"2023-09-17T12:39:39","date_gmt":"2023-09-17T10:39:39","guid":{"rendered":"https:\/\/harly-tea.at\/?post_type=product&#038;p=3131"},"modified":"2026-03-30T11:28:02","modified_gmt":"2026-03-30T09:28:02","slug":"tuerkischertee-workshop","status":"publish","type":"product","link":"https:\/\/harly-tea.at\/de\/produkt\/tuerkischertee-workshop\/","title":{"rendered":"Unbekannter T\u00fcrkischer Tee &#8211; Eine Einf\u00fchrung"},"content":{"rendered":"<p>Die T\u00fcrkei ist einer der gr\u00f6\u00dften Teeproduzenten der Welt und niemand bekommt etwas davon mit \u2013 warum ist das so. Wir erkl\u00e4ren dies mit ein wenig Teegeschichte und der Teekultur des Landes. Gleichzeitig wollen wir einige spannende Tees des Landes verkosten und dabei einige Produzenten n\u00e4her betrachten \u2026<\/p>\n","protected":false},"excerpt":{"rendered":"<p>&nbsp;<\/p>\n<p><strong>N\u00e4chster Termin:<\/strong><\/p>\n<p><strong>21\/05\/2026 Dienstag um 18:00 Uhr<\/strong><\/p>\n<p>&nbsp;<\/p>\n","protected":false},"featured_media":5174,"template":"","meta":[],"product_brand":[],"product_cat":[167,168],"product_tag":[],"class_list":{"0":"post-3131","1":"product","2":"type-product","3":"status-publish","4":"has-post-thumbnail","6":"product_cat-events","7":"product_cat-seminare","9":"first","10":"instock","11":"taxable","12":"shipping-taxable","13":"purchasable","14":"product-type-variable"},"_links":{"self":[{"href":"https:\/\/harly-tea.at\/de\/wp-json\/wp\/v2\/product\/3131","targetHints":{"allow":["GET"]}}],"collection":[{"href":"https:\/\/harly-tea.at\/de\/wp-json\/wp\/v2\/product"}],"about":[{"href":"https:\/\/harly-tea.at\/de\/wp-json\/wp\/v2\/types\/product"}],"wp:featuredmedia":[{"embeddable":true,"href":"https:\/\/harly-tea.at\/de\/wp-json\/wp\/v2\/media\/5174"}],"wp:attachment":[{"href":"https:\/\/harly-tea.at\/de\/wp-json\/wp\/v2\/media?parent=3131"}],"wp:term":[{"taxonomy":"product_brand","embeddable":true,"href":"https:\/\/harly-tea.at\/de\/wp-json\/wp\/v2\/product_brand?post=3131"},{"taxonomy":"product_cat","embeddable":true,"href":"https:\/\/harly-tea.at\/de\/wp-json\/wp\/v2\/product_cat?post=3131"},{"taxonomy":"product_tag","embeddable":true,"href":"https:\/\/harly-tea.at\/de\/wp-json\/wp\/v2\/product_tag?post=3131"}],"curies":[{"name":"wp","href":"https:\/\/api.w.org\/{rel}","templated":true}]}}