{"id":3225,"date":"2023-10-18T07:43:31","date_gmt":"2023-10-18T05:43:31","guid":{"rendered":"https:\/\/harly-tea.at\/?post_type=product&#038;p=3225"},"modified":"2024-10-30T21:44:21","modified_gmt":"2024-10-30T20:44:21","slug":"lesung-wiener-tee-festival","status":"publish","type":"product","link":"https:\/\/harly-tea.at\/de\/produkt\/lesung-wiener-tee-festival\/","title":{"rendered":"LESUNG zum Wiener Tee Festival"},"content":{"rendered":"<h4>Der bet\u00f6rende Duft von Tee<\/h4>\n<h5>Geschichten und Geschichtete &#8211; Eine Weltgeschichte in der Tasse<\/h5>\n<h5><em style=\"color: #333333;\">\u00a0Vom ersten Moment bet\u00f6rt der Duft der Teebl\u00e4tter die Sinne. In jeder Tasse spielen sich mindestens 5000 Jahre Weltgeschichte wider.\u00a0<\/em><\/h5>\n<p>Auf den Spuren der ersten Tasse in Europa.<\/p>\n<p>The Boston Tea Party, ein Ereignis, das Ber\u00fchmtheit erlangte. Wer k\u00f6nnte five o&#8217;clock tea und short stories besser erlebbar machen als Engl\u00e4nder?<\/p>\n<p>Oskar Wilde sagt: \u00abTee ist das einzige Vergn\u00fcgen, das uns noch bleibt \u00bb<\/p>\n<p>&nbsp;<\/p>\n<p>Eine Kooperation des Sir Harly&#8217;s Tea mit Melpomene zum\u00a0 ersten Vienna Tea Festival<\/p>\n<p class=\"text-align-center\"><strong>Idee und Konzept: Elisabeth Seethaler<\/strong><\/p>\n<p class=\"text-align-center\">Textzusammenstellung und Pr\u00e4sentation:<br \/>\n<a href=\"https:\/\/www.elisabeth-seethaler.at\/\" target=\"_blank\" rel=\"noopener\">Elisabeth Seethaler<\/a> und Christine Renhardt<\/p>\n<p class=\"text-align-center\"><strong>\u00a0<\/strong><\/p>\n","protected":false},"excerpt":{"rendered":"<p>16\/10\/2024 Mittwoch um 18:30<\/p>\n<p>Eintritt Frei<\/p>\n<p>Teegenu\u00df und K\u00f6stlichkeiten extra<\/p>\n","protected":false},"featured_media":4074,"template":"","meta":[],"product_brand":[],"product_cat":[186,167,67],"product_tag":[],"class_list":{"0":"post-3225","1":"product","2":"type-product","3":"status-publish","4":"has-post-thumbnail","6":"product_cat-musiklesungen","7":"product_cat-events","8":"product_cat-geschenke","10":"first","11":"outofstock","12":"taxable","13":"shipping-taxable","14":"product-type-simple"},"_links":{"self":[{"href":"https:\/\/harly-tea.at\/de\/wp-json\/wp\/v2\/product\/3225","targetHints":{"allow":["GET"]}}],"collection":[{"href":"https:\/\/harly-tea.at\/de\/wp-json\/wp\/v2\/product"}],"about":[{"href":"https:\/\/harly-tea.at\/de\/wp-json\/wp\/v2\/types\/product"}],"wp:featuredmedia":[{"embeddable":true,"href":"https:\/\/harly-tea.at\/de\/wp-json\/wp\/v2\/media\/4074"}],"wp:attachment":[{"href":"https:\/\/harly-tea.at\/de\/wp-json\/wp\/v2\/media?parent=3225"}],"wp:term":[{"taxonomy":"product_brand","embeddable":true,"href":"https:\/\/harly-tea.at\/de\/wp-json\/wp\/v2\/product_brand?post=3225"},{"taxonomy":"product_cat","embeddable":true,"href":"https:\/\/harly-tea.at\/de\/wp-json\/wp\/v2\/product_cat?post=3225"},{"taxonomy":"product_tag","embeddable":true,"href":"https:\/\/harly-tea.at\/de\/wp-json\/wp\/v2\/product_tag?post=3225"}],"curies":[{"name":"wp","href":"https:\/\/api.w.org\/{rel}","templated":true}]}}