{"id":3335,"date":"2023-12-06T16:39:48","date_gmt":"2023-12-06T15:39:48","guid":{"rendered":"https:\/\/harly-tea.at\/?post_type=product&#038;p=3335"},"modified":"2024-05-23T12:30:31","modified_gmt":"2024-05-23T10:30:31","slug":"teekanne-cosy-09-l","status":"publish","type":"product","link":"https:\/\/harly-tea.at\/de\/produkt\/teekanne-cosy-09-l\/","title":{"rendered":"Teekanne Cosy 0,9 L"},"content":{"rendered":"<p>Eine elegante, klassische und romantische Teekanne von Bredemeijer. Die Cosy\u00ae! Eine Steingut-Teekanne in Kombination mit einem Edelstahlmantel mit isolierender Innenverkleidung. Der Tee bleibt hierdurch besonders lange hei\u00df und geschmackvoll! Steingut ist hervorragend f\u00fcr die Verwendung von gr\u00fcnen und wei\u00dfen Teesorten geeignet. Die Cosy\u00ae wird mit einem Teefilter geliefert und die Innenkanne ist sp\u00fclmaschinengeeignet, praktisch!<\/p>\n","protected":false},"excerpt":{"rendered":"<p>Eine elegante, klassische und romantische Teekanne von Bredemeijer. Die Cosy\u00ae! Eine Steingut-Teekanne in Kombination mit einem Edelstahlmantel mit isolierender Innenverkleidung.<\/p>\n","protected":false},"featured_media":3336,"template":"","meta":[],"product_brand":[],"product_cat":[65,63],"product_tag":[],"class_list":{"0":"post-3335","1":"product","2":"type-product","3":"status-publish","4":"has-post-thumbnail","6":"product_cat-teekannen-tassen","7":"product_cat-zubehoer","9":"first","10":"outofstock","11":"taxable","12":"shipping-taxable","13":"purchasable","14":"product-type-simple"},"_links":{"self":[{"href":"https:\/\/harly-tea.at\/de\/wp-json\/wp\/v2\/product\/3335","targetHints":{"allow":["GET"]}}],"collection":[{"href":"https:\/\/harly-tea.at\/de\/wp-json\/wp\/v2\/product"}],"about":[{"href":"https:\/\/harly-tea.at\/de\/wp-json\/wp\/v2\/types\/product"}],"wp:featuredmedia":[{"embeddable":true,"href":"https:\/\/harly-tea.at\/de\/wp-json\/wp\/v2\/media\/3336"}],"wp:attachment":[{"href":"https:\/\/harly-tea.at\/de\/wp-json\/wp\/v2\/media?parent=3335"}],"wp:term":[{"taxonomy":"product_brand","embeddable":true,"href":"https:\/\/harly-tea.at\/de\/wp-json\/wp\/v2\/product_brand?post=3335"},{"taxonomy":"product_cat","embeddable":true,"href":"https:\/\/harly-tea.at\/de\/wp-json\/wp\/v2\/product_cat?post=3335"},{"taxonomy":"product_tag","embeddable":true,"href":"https:\/\/harly-tea.at\/de\/wp-json\/wp\/v2\/product_tag?post=3335"}],"curies":[{"name":"wp","href":"https:\/\/api.w.org\/{rel}","templated":true}]}}