{"id":3338,"date":"2023-12-06T16:48:32","date_gmt":"2023-12-06T15:48:32","guid":{"rendered":"https:\/\/harly-tea.at\/?post_type=product&#038;p=3338"},"modified":"2026-03-30T10:50:31","modified_gmt":"2026-03-30T08:50:31","slug":"teekanne-wuhan","status":"publish","type":"product","link":"https:\/\/harly-tea.at\/de\/produkt\/teekanne-wuhan\/","title":{"rendered":"Teekanne WUHAN"},"content":{"rendered":"<p>Diese wundersch\u00f6ne Wuhan Teekanne ist aus Gusseisen gefertigt und hat ein modernes asiatisches Design. Das hochwertige Gusseisen mit emaillierter Innenseite sorgt daf\u00fcr, dass der Tee lang hei\u00df und geschmackvoll bleibt und die Kanne besonders langlebig ist. Die Teekanne wird mit einem Teefilter aus Edelstahl f\u00fcr losen Tee geliefert. Diese Teekanne hat ein Volumen von 0,8\u00a0Liter und ist f\u00fcr 4 Tassen Tee geeignet.<\/p>\n","protected":false},"excerpt":{"rendered":"<p>Diese wundersch\u00f6ne Wuhan Teekanne ist aus Gusseisen gefertigt und hat ein modernes asiatisches Design. Das hochwertige Gusseisen mit emaillierter Innenseite<\/p>\n","protected":false},"featured_media":3339,"template":"","meta":[],"product_brand":[],"product_cat":[65],"product_tag":[],"class_list":{"0":"post-3338","1":"product","2":"type-product","3":"status-publish","4":"has-post-thumbnail","6":"product_cat-teekannen-tassen","8":"first","9":"outofstock","10":"taxable","11":"shipping-taxable","12":"purchasable","13":"product-type-simple"},"_links":{"self":[{"href":"https:\/\/harly-tea.at\/de\/wp-json\/wp\/v2\/product\/3338","targetHints":{"allow":["GET"]}}],"collection":[{"href":"https:\/\/harly-tea.at\/de\/wp-json\/wp\/v2\/product"}],"about":[{"href":"https:\/\/harly-tea.at\/de\/wp-json\/wp\/v2\/types\/product"}],"wp:featuredmedia":[{"embeddable":true,"href":"https:\/\/harly-tea.at\/de\/wp-json\/wp\/v2\/media\/3339"}],"wp:attachment":[{"href":"https:\/\/harly-tea.at\/de\/wp-json\/wp\/v2\/media?parent=3338"}],"wp:term":[{"taxonomy":"product_brand","embeddable":true,"href":"https:\/\/harly-tea.at\/de\/wp-json\/wp\/v2\/product_brand?post=3338"},{"taxonomy":"product_cat","embeddable":true,"href":"https:\/\/harly-tea.at\/de\/wp-json\/wp\/v2\/product_cat?post=3338"},{"taxonomy":"product_tag","embeddable":true,"href":"https:\/\/harly-tea.at\/de\/wp-json\/wp\/v2\/product_tag?post=3338"}],"curies":[{"name":"wp","href":"https:\/\/api.w.org\/{rel}","templated":true}]}}