{"id":3341,"date":"2023-12-06T16:57:08","date_gmt":"2023-12-06T15:57:08","guid":{"rendered":"https:\/\/harly-tea.at\/?post_type=product&#038;p=3341"},"modified":"2025-06-25T12:53:27","modified_gmt":"2025-06-25T10:53:27","slug":"tee-set-umea-12l-mit-teewaermer","status":"publish","type":"product","link":"https:\/\/harly-tea.at\/de\/produkt\/tee-set-umea-12l-mit-teewaermer\/","title":{"rendered":"Tee-Set Umea 1,2L mit Teew\u00e4rmer"},"content":{"rendered":"<p>Ein Teeset aus Keramik in moderner Ausf\u00fchrung. Es besteht aus einer ger\u00e4umigen Teekanne (1,2 Liter) mit Bambusdeckel und einem Teelicht. Das Set ist in Wei\u00df und Schwarz erh\u00e4ltlich und kann um Keramik-Teebecher mit Bambusuntersetzern erweitert werden.<\/p>\n","protected":false},"excerpt":{"rendered":"<p>Ein Teeset aus Keramik in moderner Ausf\u00fchrung. Es besteht aus einer ger\u00e4umigen Teekanne (1,2 Liter) mit Bambusdeckel und einem Teelicht.<\/p>\n","protected":false},"featured_media":3348,"template":"","meta":[],"product_brand":[],"product_cat":[65,63],"product_tag":[],"class_list":{"0":"post-3341","1":"product","2":"type-product","3":"status-publish","4":"has-post-thumbnail","6":"product_cat-teekannen-tassen","7":"product_cat-zubehoer","9":"first","10":"outofstock","11":"taxable","12":"shipping-taxable","13":"product-type-variable"},"_links":{"self":[{"href":"https:\/\/harly-tea.at\/de\/wp-json\/wp\/v2\/product\/3341","targetHints":{"allow":["GET"]}}],"collection":[{"href":"https:\/\/harly-tea.at\/de\/wp-json\/wp\/v2\/product"}],"about":[{"href":"https:\/\/harly-tea.at\/de\/wp-json\/wp\/v2\/types\/product"}],"wp:featuredmedia":[{"embeddable":true,"href":"https:\/\/harly-tea.at\/de\/wp-json\/wp\/v2\/media\/3348"}],"wp:attachment":[{"href":"https:\/\/harly-tea.at\/de\/wp-json\/wp\/v2\/media?parent=3341"}],"wp:term":[{"taxonomy":"product_brand","embeddable":true,"href":"https:\/\/harly-tea.at\/de\/wp-json\/wp\/v2\/product_brand?post=3341"},{"taxonomy":"product_cat","embeddable":true,"href":"https:\/\/harly-tea.at\/de\/wp-json\/wp\/v2\/product_cat?post=3341"},{"taxonomy":"product_tag","embeddable":true,"href":"https:\/\/harly-tea.at\/de\/wp-json\/wp\/v2\/product_tag?post=3341"}],"curies":[{"name":"wp","href":"https:\/\/api.w.org\/{rel}","templated":true}]}}