{"id":3363,"date":"2023-12-06T19:44:34","date_gmt":"2023-12-06T18:44:34","guid":{"rendered":"https:\/\/harly-tea.at\/?post_type=product&#038;p=3363"},"modified":"2024-10-24T08:25:35","modified_gmt":"2024-10-24T06:25:35","slug":"teeset-shapes","status":"publish","type":"product","link":"https:\/\/harly-tea.at\/de\/produkt\/teeset-shapes\/","title":{"rendered":"TeeSet &#8211; Shapes"},"content":{"rendered":"<p>Wundersch\u00f6ne, fr\u00f6hliche Porzellan Tee Set (Kanne 0,6 l, 2x Becher 0,15 l) im Geschenkkarton.<\/p>\n<p>Nicht sp\u00fclmaschinengeeignet.<\/p>\n","protected":false},"excerpt":{"rendered":"<p>Wundersch\u00f6ne, fr\u00f6hliche Porzellan Tee Set (Kanne 0,6 l, 2x Becher 0,15 l) im Geschenkkarton. Nicht sp\u00fclmaschinengeeignet.<\/p>\n","protected":false},"featured_media":3364,"template":"","meta":[],"product_brand":[],"product_cat":[65,63],"product_tag":[],"class_list":{"0":"post-3363","1":"product","2":"type-product","3":"status-publish","4":"has-post-thumbnail","6":"product_cat-teekannen-tassen","7":"product_cat-zubehoer","9":"first","10":"outofstock","11":"taxable","12":"shipping-taxable","13":"purchasable","14":"product-type-simple"},"_links":{"self":[{"href":"https:\/\/harly-tea.at\/de\/wp-json\/wp\/v2\/product\/3363","targetHints":{"allow":["GET"]}}],"collection":[{"href":"https:\/\/harly-tea.at\/de\/wp-json\/wp\/v2\/product"}],"about":[{"href":"https:\/\/harly-tea.at\/de\/wp-json\/wp\/v2\/types\/product"}],"wp:featuredmedia":[{"embeddable":true,"href":"https:\/\/harly-tea.at\/de\/wp-json\/wp\/v2\/media\/3364"}],"wp:attachment":[{"href":"https:\/\/harly-tea.at\/de\/wp-json\/wp\/v2\/media?parent=3363"}],"wp:term":[{"taxonomy":"product_brand","embeddable":true,"href":"https:\/\/harly-tea.at\/de\/wp-json\/wp\/v2\/product_brand?post=3363"},{"taxonomy":"product_cat","embeddable":true,"href":"https:\/\/harly-tea.at\/de\/wp-json\/wp\/v2\/product_cat?post=3363"},{"taxonomy":"product_tag","embeddable":true,"href":"https:\/\/harly-tea.at\/de\/wp-json\/wp\/v2\/product_tag?post=3363"}],"curies":[{"name":"wp","href":"https:\/\/api.w.org\/{rel}","templated":true}]}}