{"id":3376,"date":"2023-12-06T21:14:42","date_gmt":"2023-12-06T20:14:42","guid":{"rendered":"https:\/\/harly-tea.at\/?post_type=product&#038;p=3376"},"modified":"2024-04-07T16:41:34","modified_gmt":"2024-04-07T14:41:34","slug":"japanische-teekanne-taketokusa-03l-mit-5-tassen","status":"publish","type":"product","link":"https:\/\/harly-tea.at\/de\/produkt\/japanische-teekanne-taketokusa-03l-mit-5-tassen\/","title":{"rendered":"Japanische Teekanne Taketokusa 0,3l mit 5 Tassen"},"content":{"rendered":"<p id=\"tw-target-text\" class=\"tw-data-text tw-text-large tw-ta\" dir=\"ltr\" data-placeholder=\"\u00dcbersetzung\" data-ved=\"2ahUKEwiz5brwv_uCAxUBcvEDHSpZBBoQ3ewLegQIBRAQ\"><span class=\"Y2IQFc\" lang=\"de\">Dieses bezaubernde japanische Teeservice Take Tokusa in Wei\u00df-, Gr\u00fcn- und Blaut\u00f6nen umfasst 1 Teekanne sowie 5 passende japanische Porzellantassen.\u00a0 <\/span><\/p>\n<p class=\"tw-data-text tw-text-large tw-ta\" dir=\"ltr\" data-placeholder=\"\u00dcbersetzung\" data-ved=\"2ahUKEwiz5brwv_uCAxUBcvEDHSpZBBoQ3ewLegQIBRAQ\"><span class=\"Y2IQFc\" lang=\"de\">Bei der Teekanne handelt es sich um eine Tokoname-Teekanne mit Henkel und Filter.<\/span><\/p>\n<p class=\"tw-data-text tw-text-large tw-ta\" dir=\"ltr\" data-placeholder=\"\u00dcbersetzung\" data-ved=\"2ahUKEwiz5brwv_uCAxUBcvEDHSpZBBoQ3ewLegQIBRAQ\"><span class=\"Y2IQFc\" lang=\"de\">Ma\u00dfe der Tassen: H\u00f6he 5,9 cm \/ Durchmesser 8,2 cm <\/span><\/p>\n<p class=\"tw-data-text tw-text-large tw-ta\" dir=\"ltr\" data-placeholder=\"\u00dcbersetzung\" data-ved=\"2ahUKEwiz5brwv_uCAxUBcvEDHSpZBBoQ3ewLegQIBRAQ\"><span class=\"Y2IQFc\" lang=\"de\">Teekanne: Durchmesser 9 cm \/ H\u00f6he 8,5 cm<\/span><\/p>\n","protected":false},"excerpt":{"rendered":"<p>Dieses bezaubernde japanische Teeservice Take Tokusa in Wei\u00df-, Gr\u00fcn- und Blaut\u00f6nen umfasst 1 Teekanne sowie 5 passende japanische Porzellantassen.\u00a0 Bei<\/p>\n","protected":false},"featured_media":3377,"template":"","meta":[],"product_brand":[],"product_cat":[65,63],"product_tag":[],"class_list":{"0":"post-3376","1":"product","2":"type-product","3":"status-publish","4":"has-post-thumbnail","6":"product_cat-teekannen-tassen","7":"product_cat-zubehoer","9":"first","10":"outofstock","11":"taxable","12":"shipping-taxable","13":"purchasable","14":"product-type-simple"},"_links":{"self":[{"href":"https:\/\/harly-tea.at\/de\/wp-json\/wp\/v2\/product\/3376","targetHints":{"allow":["GET"]}}],"collection":[{"href":"https:\/\/harly-tea.at\/de\/wp-json\/wp\/v2\/product"}],"about":[{"href":"https:\/\/harly-tea.at\/de\/wp-json\/wp\/v2\/types\/product"}],"wp:featuredmedia":[{"embeddable":true,"href":"https:\/\/harly-tea.at\/de\/wp-json\/wp\/v2\/media\/3377"}],"wp:attachment":[{"href":"https:\/\/harly-tea.at\/de\/wp-json\/wp\/v2\/media?parent=3376"}],"wp:term":[{"taxonomy":"product_brand","embeddable":true,"href":"https:\/\/harly-tea.at\/de\/wp-json\/wp\/v2\/product_brand?post=3376"},{"taxonomy":"product_cat","embeddable":true,"href":"https:\/\/harly-tea.at\/de\/wp-json\/wp\/v2\/product_cat?post=3376"},{"taxonomy":"product_tag","embeddable":true,"href":"https:\/\/harly-tea.at\/de\/wp-json\/wp\/v2\/product_tag?post=3376"}],"curies":[{"name":"wp","href":"https:\/\/api.w.org\/{rel}","templated":true}]}}