{"id":3386,"date":"2023-12-06T22:32:53","date_gmt":"2023-12-06T21:32:53","guid":{"rendered":"https:\/\/harly-tea.at\/?post_type=product&#038;p=3386"},"modified":"2025-12-07T10:15:34","modified_gmt":"2025-12-07T09:15:34","slug":"japanische-matchaschale-braun-hagoromo","status":"publish","type":"product","link":"https:\/\/harly-tea.at\/de\/produkt\/japanische-matchaschale-braun-hagoromo\/","title":{"rendered":"Japanische Matchaschale Braun HAGOROMO"},"content":{"rendered":"<p id=\"tw-target-text\" class=\"tw-data-text tw-text-large tw-ta\" dir=\"ltr\" data-placeholder=\"\u00dcbersetzung\" data-ved=\"2ahUKEwiz5brwv_uCAxUBcvEDHSpZBBoQ3ewLegQIBRAQ\"><span class=\"Y2IQFc\" lang=\"de\">Wenn Sie die Teezeremonie entspannter, aber dennoch authentisch ausprobieren m\u00f6chten, ist diese Matcha-Schale genau das Richtige f\u00fcr Sie! <\/span><\/p>\n<p class=\"tw-data-text tw-text-large tw-ta\" dir=\"ltr\" data-placeholder=\"\u00dcbersetzung\" data-ved=\"2ahUKEwiz5brwv_uCAxUBcvEDHSpZBBoQ3ewLegQIBRAQ\"><span class=\"Y2IQFc\" lang=\"de\">Diese Matcha-Schale wird in Gifu, Japan, hergestellt, das f\u00fcr seine T\u00f6pferwaren bekannt ist. Die in dieser Region hergestellten T\u00f6pferwaren werden \u201eMino Ware\u201c genannt. Mino Ware ist f\u00fcr seine Haltbarkeit und seine F\u00e4higkeit, W\u00e4rme zu speichern, bekannt, was es zu einer ausgezeichneten Wahl f\u00fcr Teezeremonien macht.<\/span><\/p>\n<p class=\"tw-data-text tw-text-large tw-ta\" dir=\"ltr\" data-placeholder=\"\u00dcbersetzung\" data-ved=\"2ahUKEwiz5brwv_uCAxUBcvEDHSpZBBoQ3ewLegQIBRAQ\"><span class=\"Y2IQFc\" lang=\"de\">Hergestellt in Japan. Gewicht: 370 g, H\u00f6he: 75 mm, Durchmesser: 120 mm. Mikrowellen- und sp\u00fclmaschinenfest. <\/span><\/p>\n","protected":false},"excerpt":{"rendered":"<p>Wenn Sie die Teezeremonie entspannter, aber dennoch authentisch ausprobieren m\u00f6chten, ist diese Matcha-Schale genau das Richtige f\u00fcr Sie! Diese Matcha-Schale<\/p>\n","protected":false},"featured_media":3389,"template":"","meta":[],"product_brand":[],"product_cat":[64,63],"product_tag":[],"class_list":{"0":"post-3386","1":"product","2":"type-product","3":"status-publish","4":"has-post-thumbnail","6":"product_cat-teezubereitung","7":"product_cat-zubehoer","9":"first","10":"outofstock","11":"taxable","12":"shipping-taxable","13":"purchasable","14":"product-type-simple"},"_links":{"self":[{"href":"https:\/\/harly-tea.at\/de\/wp-json\/wp\/v2\/product\/3386","targetHints":{"allow":["GET"]}}],"collection":[{"href":"https:\/\/harly-tea.at\/de\/wp-json\/wp\/v2\/product"}],"about":[{"href":"https:\/\/harly-tea.at\/de\/wp-json\/wp\/v2\/types\/product"}],"wp:featuredmedia":[{"embeddable":true,"href":"https:\/\/harly-tea.at\/de\/wp-json\/wp\/v2\/media\/3389"}],"wp:attachment":[{"href":"https:\/\/harly-tea.at\/de\/wp-json\/wp\/v2\/media?parent=3386"}],"wp:term":[{"taxonomy":"product_brand","embeddable":true,"href":"https:\/\/harly-tea.at\/de\/wp-json\/wp\/v2\/product_brand?post=3386"},{"taxonomy":"product_cat","embeddable":true,"href":"https:\/\/harly-tea.at\/de\/wp-json\/wp\/v2\/product_cat?post=3386"},{"taxonomy":"product_tag","embeddable":true,"href":"https:\/\/harly-tea.at\/de\/wp-json\/wp\/v2\/product_tag?post=3386"}],"curies":[{"name":"wp","href":"https:\/\/api.w.org\/{rel}","templated":true}]}}