{"id":3395,"date":"2023-12-08T06:18:11","date_gmt":"2023-12-08T05:18:11","guid":{"rendered":"https:\/\/harly-tea.at\/?post_type=product&#038;p=3395"},"modified":"2024-11-14T15:26:52","modified_gmt":"2024-11-14T14:26:52","slug":"pi-lo-chun-fruehling-2023","status":"publish","type":"product","link":"https:\/\/harly-tea.at\/de\/produkt\/pi-lo-chun-fruehling-2023\/","title":{"rendered":"Pi Lo Chun Fr\u00fchling 2023  &#8211;  50g"},"content":{"rendered":"<p style=\"font-weight: 400;\">Dieser Pi Lu Chun stammt aus er Mingshan-Region (China) und \u00e4hnelt im Charakter dem klassischen Pi Leo Chun-Tee aus dem Tai-Hu-See in der Gegend von Suzhou. Die Bl\u00e4tter bestehen aus einer winzigen silbergr\u00fcnen Knospe mit jungen zarten Federn im Inneren und einem unentwickelten Blatt.<\/p>\n<p>Pi Lo Chun geh\u00f6rt zu den ber\u00fchmtesten Tees Chinas.<\/p>\n<p style=\"font-weight: 400;\">Die Besonderheit des Pi-luo-chun-Teeanbaus besteht darin, dass seine Str\u00e4ucher nicht wie \u00fcblich auf Monokultur-Teeplantagen wachsen, sondern in ausgedehnten Obstg\u00e4rten zwischen Obstb\u00e4umen gepflanzt werden. Sie wachsen unter den Kronen von Orangen, Mandarinen, Osmanthus, Pfirsichen, Aprikosen, Pflaumen, Kirschen &#8230; Erzeuger behaupten, dass ihre Wurzeln einander ber\u00fchren. Die ersten jungen Fr\u00fchlingsteebl\u00e4tter reifen und werden geerntet, wenn alle zwischen ihnen wachsenden Obstb\u00e4ume bl\u00fchen und die ganze Region mit einem s\u00fc\u00dfen Duft erf\u00fcllen. Dieses Aroma wird auch auf nat\u00fcrliche Weise von den Teebl\u00e4ttern aufgenommen, die es nach rechtzeitiger Sammlung und richtiger Verarbeitung an den Tee weitergeben.<\/p>\n<div class=\"row mt-5\">\n   <div class=\"col-md-12 text-center\">\n      <h3>Zubereitungsempfehlung<\/h3>\n   <\/div>\n   <\/div><div class=\"row\">   <div class=\"col-md-4 wc-info-box\">\n      <i class=\"fa fa-3x fa-scale-balanced\"><\/i>\n      <h4>5 Gramm Tee pro 130ml GongFu style<\/h4>\n      <\/div>   <div class=\"col-md-4 wc-info-box\">\n      <i class=\"fa fa-3x fa-temperature-full\"><\/i>\n      <h4>80\u00b0C Wassertemperatur<\/h4>\n      <\/div>   <div class=\"col-md-4 wc-info-box\">\n      <i class=\"fa fa-3x fa-clock\"><\/i>\n      <h4>1:30 Min. Minuten Ziehzeit<\/h4>\n      <\/div><\/div>\n","protected":false},"excerpt":{"rendered":"<p>Dieser Pi Lu Chun stammt aus er Mingshan-Region (China) und \u00e4hnelt im Charakter dem klassischen Pi Leo Chun-Tee aus dem<\/p>\n","protected":false},"featured_media":3396,"template":"","meta":[],"product_brand":[],"product_cat":[17],"product_tag":[],"class_list":{"0":"post-3395","1":"product","2":"type-product","3":"status-publish","4":"has-post-thumbnail","6":"product_cat-gruenertee","8":"first","9":"outofstock","10":"taxable","11":"shipping-taxable","12":"purchasable","13":"product-type-simple"},"_links":{"self":[{"href":"https:\/\/harly-tea.at\/de\/wp-json\/wp\/v2\/product\/3395","targetHints":{"allow":["GET"]}}],"collection":[{"href":"https:\/\/harly-tea.at\/de\/wp-json\/wp\/v2\/product"}],"about":[{"href":"https:\/\/harly-tea.at\/de\/wp-json\/wp\/v2\/types\/product"}],"wp:featuredmedia":[{"embeddable":true,"href":"https:\/\/harly-tea.at\/de\/wp-json\/wp\/v2\/media\/3396"}],"wp:attachment":[{"href":"https:\/\/harly-tea.at\/de\/wp-json\/wp\/v2\/media?parent=3395"}],"wp:term":[{"taxonomy":"product_brand","embeddable":true,"href":"https:\/\/harly-tea.at\/de\/wp-json\/wp\/v2\/product_brand?post=3395"},{"taxonomy":"product_cat","embeddable":true,"href":"https:\/\/harly-tea.at\/de\/wp-json\/wp\/v2\/product_cat?post=3395"},{"taxonomy":"product_tag","embeddable":true,"href":"https:\/\/harly-tea.at\/de\/wp-json\/wp\/v2\/product_tag?post=3395"}],"curies":[{"name":"wp","href":"https:\/\/api.w.org\/{rel}","templated":true}]}}