{"id":3532,"date":"2024-02-12T09:09:27","date_gmt":"2024-02-12T08:09:27","guid":{"rendered":"https:\/\/harly-tea.at\/?post_type=product&#038;p=3532"},"modified":"2026-02-02T14:24:22","modified_gmt":"2026-02-02T13:24:22","slug":"japan-benifuuki-schwarz","status":"publish","type":"product","link":"https:\/\/harly-tea.at\/de\/produkt\/japan-benifuuki-schwarz\/","title":{"rendered":"Japan Benifuuki schwarz"},"content":{"rendered":"<p>In dem Land der aufgehenden Sonne, einem traditionellen Gr\u00fcntee-Land, macht sich in letzter Zeit ein Trend zu oxidierten Tees hin bemerkbar. Schwarze Tees, z. B. aus Darjeeling oder Sri Lanka, gewinnen immer mehr an Beliebtheit. Aus diesem Grund versuchen sich auch lokale Teefirmen an der Produktion schwarzer Tees, und, wie an diesem Benifuuki aus biologischem Anbau erkennbar, nicht ohne Erfolg! Basis ist eine Hybride aus Thea Assamica und Thea Sinensis, entwickelt 1965 in der Pr\u00e4fektur Kagoshima. Gr\u00f6bere, tief schwarze, optisch eher flach gearbeitete Blattstruktur, r\u00f6tlich goldene Tassenfarbe, das Geschmacksprofil mit vollem K\u00f6rper und angenehmer S\u00fc\u00dfe, ein Hauch reifer Pflaumen verweilt auf der Zunge.<\/p>\n<div class=\"row mt-5\">\n   <div class=\"col-md-12 text-center\">\n      <h3>Zubereitungsempfehlung<\/h3>\n   <\/div>\n   <\/div><div class=\"row\">   <div class=\"col-md-4 wc-info-box\">\n      <i class=\"fa fa-3x fa-scale-balanced\"><\/i>\n      <h4>3 Gramm Tee pro 200ml<\/h4>\n      <\/div>   <div class=\"col-md-4 wc-info-box\">\n      <i class=\"fa fa-3x fa-temperature-full\"><\/i>\n      <h4>95\u00b0C Wassertemperatur<\/h4>\n      <\/div>   <div class=\"col-md-4 wc-info-box\">\n      <i class=\"fa fa-3x fa-clock\"><\/i>\n      <h4>2:30-3:00 Minuten Ziehzeit<\/h4>\n      <\/div><\/div>\n","protected":false},"excerpt":{"rendered":"<p>In dem Land der aufgehenden Sonne, einem traditionellen Gr\u00fcntee-Land, macht sich in letzter Zeit ein Trend zu oxidierten Tees hin<\/p>\n","protected":false},"featured_media":3533,"template":"","meta":[],"product_brand":[],"product_cat":[58],"product_tag":[],"class_list":{"0":"post-3532","1":"product","2":"type-product","3":"status-publish","4":"has-post-thumbnail","6":"product_cat-schwarztee","8":"first","9":"instock","10":"taxable","11":"shipping-taxable","12":"purchasable","13":"product-type-simple"},"_links":{"self":[{"href":"https:\/\/harly-tea.at\/de\/wp-json\/wp\/v2\/product\/3532","targetHints":{"allow":["GET"]}}],"collection":[{"href":"https:\/\/harly-tea.at\/de\/wp-json\/wp\/v2\/product"}],"about":[{"href":"https:\/\/harly-tea.at\/de\/wp-json\/wp\/v2\/types\/product"}],"wp:featuredmedia":[{"embeddable":true,"href":"https:\/\/harly-tea.at\/de\/wp-json\/wp\/v2\/media\/3533"}],"wp:attachment":[{"href":"https:\/\/harly-tea.at\/de\/wp-json\/wp\/v2\/media?parent=3532"}],"wp:term":[{"taxonomy":"product_brand","embeddable":true,"href":"https:\/\/harly-tea.at\/de\/wp-json\/wp\/v2\/product_brand?post=3532"},{"taxonomy":"product_cat","embeddable":true,"href":"https:\/\/harly-tea.at\/de\/wp-json\/wp\/v2\/product_cat?post=3532"},{"taxonomy":"product_tag","embeddable":true,"href":"https:\/\/harly-tea.at\/de\/wp-json\/wp\/v2\/product_tag?post=3532"}],"curies":[{"name":"wp","href":"https:\/\/api.w.org\/{rel}","templated":true}]}}