{"id":3536,"date":"2024-02-12T09:23:04","date_gmt":"2024-02-12T08:23:04","guid":{"rendered":"https:\/\/harly-tea.at\/?post_type=product&#038;p=3536"},"modified":"2026-02-02T14:24:03","modified_gmt":"2026-02-02T13:24:03","slug":"guanxi-volcano-oolong","status":"publish","type":"product","link":"https:\/\/harly-tea.at\/de\/produkt\/guanxi-volcano-oolong\/","title":{"rendered":"Guangxi Volcano Oolong (Bai Se Huo shan Wu Long)"},"content":{"rendered":"<p>Ai Jiao stammt eigentlich aus dem chinesischen Dorf Dongfeng (Jian&#8217;Ou) s\u00fcdlich der Wu Yi Berge. Unser Ai Jiao kommt jedoch nicht aus Dongfeng, sondern wurde weiter westlich in Guangxi angebaut. Er w\u00e4chst in einer H\u00f6he von knapp 2000 Metern und  ist von allen Arten von Umweltverschmutzung, sowohl industrieller als auch menschlicher Art, abgeschirmt. Das Besondere an diesem Tee ist die Tatsache, dass der Teeh\u00fcgel tats\u00e4chlich ein Vulkan ist, der noch immer als aktiv eingestuft wird. <\/p>\n<p>Der vulkanische Boden verleiht den Teestr\u00e4uchern einen s\u00fc\u00dfen Geschmack und ein wohlriechendes Aroma, das von Kennern der Oolong-Tees sehr gesch\u00e4tzt wird.<\/p>\n<p>Er kann mit den taiwanesischen Dong Ding verglichen werden, da er einen volleren K\u00f6rper bietet als andere Hochgebirgs-Oolongs. <\/p>\n<div class=\"row mt-5\">\n   <div class=\"col-md-12 text-center\">\n      <h3>Zubereitungsempfehlung<\/h3>\n   <\/div>\n   <\/div><div class=\"row\">   <div class=\"col-md-4 wc-info-box\">\n      <i class=\"fa fa-3x fa-scale-balanced\"><\/i>\n      <h4>5 Gramm Tee pro 200ml<\/h4>\n      <\/div>   <div class=\"col-md-4 wc-info-box\">\n      <i class=\"fa fa-3x fa-temperature-full\"><\/i>\n      <h4>90\u00b0C Wassertemperatur<\/h4>\n      <\/div>   <div class=\"col-md-4 wc-info-box\">\n      <i class=\"fa fa-3x fa-clock\"><\/i>\n      <h4>1:30 Minuten Ziehzeit<\/h4>\n      <\/div><\/div>\n","protected":false},"excerpt":{"rendered":"<p>Ai Jiao stammt eigentlich aus dem chinesischen Dorf Dongfeng (Jian&#8217;Ou) s\u00fcdlich der Wu Yi Berge. Unser Ai Jiao kommt jedoch<\/p>\n","protected":false},"featured_media":3511,"template":"","meta":[],"product_brand":[],"product_cat":[95],"product_tag":[],"class_list":{"0":"post-3536","1":"product","2":"type-product","3":"status-publish","4":"has-post-thumbnail","6":"product_cat-oolong-tee","8":"first","9":"instock","10":"taxable","11":"shipping-taxable","12":"purchasable","13":"product-type-simple"},"_links":{"self":[{"href":"https:\/\/harly-tea.at\/de\/wp-json\/wp\/v2\/product\/3536","targetHints":{"allow":["GET"]}}],"collection":[{"href":"https:\/\/harly-tea.at\/de\/wp-json\/wp\/v2\/product"}],"about":[{"href":"https:\/\/harly-tea.at\/de\/wp-json\/wp\/v2\/types\/product"}],"wp:featuredmedia":[{"embeddable":true,"href":"https:\/\/harly-tea.at\/de\/wp-json\/wp\/v2\/media\/3511"}],"wp:attachment":[{"href":"https:\/\/harly-tea.at\/de\/wp-json\/wp\/v2\/media?parent=3536"}],"wp:term":[{"taxonomy":"product_brand","embeddable":true,"href":"https:\/\/harly-tea.at\/de\/wp-json\/wp\/v2\/product_brand?post=3536"},{"taxonomy":"product_cat","embeddable":true,"href":"https:\/\/harly-tea.at\/de\/wp-json\/wp\/v2\/product_cat?post=3536"},{"taxonomy":"product_tag","embeddable":true,"href":"https:\/\/harly-tea.at\/de\/wp-json\/wp\/v2\/product_tag?post=3536"}],"curies":[{"name":"wp","href":"https:\/\/api.w.org\/{rel}","templated":true}]}}