{"id":3538,"date":"2024-02-12T09:33:53","date_gmt":"2024-02-12T08:33:53","guid":{"rendered":"https:\/\/harly-tea.at\/?post_type=product&#038;p=3538"},"modified":"2026-02-02T14:23:49","modified_gmt":"2026-02-02T13:23:49","slug":"dong-ding-oolong","status":"publish","type":"product","link":"https:\/\/harly-tea.at\/de\/produkt\/dong-ding-oolong\/","title":{"rendered":"Dong Ding Oolong"},"content":{"rendered":"<p>Dieser Hochgebirgstee stammt aus dem ber\u00fchmten Teeanbaugebiet der Gemeinde Lugt in der Provinz Nantou in Taiwan. Hergestellt aus handverlesenen Bl\u00e4ttern einer sorgf\u00e4ltigen Mischung der biologisch angebauten Tees Cui Yu T-13 und Jin Xuan T-12.<\/p>\n<p>Der Tee wurde einem langwierigen und komplexen, mehrstufigen Backprozess unterzogen und wir erhalten ein Getr\u00e4nk, das eine feine Balance zwischen frischen, blumigen und gebacken-cremigen Noten aufweist.<\/p>\n<div class=\"row mt-5\">\n   <div class=\"col-md-12 text-center\">\n      <h3>Zubereitungsempfehlung<\/h3>\n   <\/div>\n   <\/div><div class=\"row\">   <div class=\"col-md-4 wc-info-box\">\n      <i class=\"fa fa-3x fa-scale-balanced\"><\/i>\n      <h4>5 Gramm Tee pro 200ml<\/h4>\n      <\/div>   <div class=\"col-md-4 wc-info-box\">\n      <i class=\"fa fa-3x fa-temperature-full\"><\/i>\n      <h4>85-90\u00b0C Wassertemperatur<\/h4>\n      <\/div>   <div class=\"col-md-4 wc-info-box\">\n      <i class=\"fa fa-3x fa-clock\"><\/i>\n      <h4>1:30 Minuten Ziehzeit<\/h4>\n      <\/div><\/div>\n","protected":false},"excerpt":{"rendered":"<p>Dieser Hochgebirgstee stammt aus dem ber\u00fchmten Teeanbaugebiet der Gemeinde Lugt in der Provinz Nantou in Taiwan. Hergestellt aus handverlesenen Bl\u00e4ttern<\/p>\n","protected":false},"featured_media":3523,"template":"","meta":[],"product_brand":[],"product_cat":[95],"product_tag":[],"class_list":{"0":"post-3538","1":"product","2":"type-product","3":"status-publish","4":"has-post-thumbnail","6":"product_cat-oolong-tee","8":"first","9":"instock","10":"taxable","11":"shipping-taxable","12":"purchasable","13":"product-type-simple"},"_links":{"self":[{"href":"https:\/\/harly-tea.at\/de\/wp-json\/wp\/v2\/product\/3538","targetHints":{"allow":["GET"]}}],"collection":[{"href":"https:\/\/harly-tea.at\/de\/wp-json\/wp\/v2\/product"}],"about":[{"href":"https:\/\/harly-tea.at\/de\/wp-json\/wp\/v2\/types\/product"}],"wp:featuredmedia":[{"embeddable":true,"href":"https:\/\/harly-tea.at\/de\/wp-json\/wp\/v2\/media\/3523"}],"wp:attachment":[{"href":"https:\/\/harly-tea.at\/de\/wp-json\/wp\/v2\/media?parent=3538"}],"wp:term":[{"taxonomy":"product_brand","embeddable":true,"href":"https:\/\/harly-tea.at\/de\/wp-json\/wp\/v2\/product_brand?post=3538"},{"taxonomy":"product_cat","embeddable":true,"href":"https:\/\/harly-tea.at\/de\/wp-json\/wp\/v2\/product_cat?post=3538"},{"taxonomy":"product_tag","embeddable":true,"href":"https:\/\/harly-tea.at\/de\/wp-json\/wp\/v2\/product_tag?post=3538"}],"curies":[{"name":"wp","href":"https:\/\/api.w.org\/{rel}","templated":true}]}}