{"id":3545,"date":"2024-02-12T09:47:53","date_gmt":"2024-02-12T08:47:53","guid":{"rendered":"https:\/\/harly-tea.at\/?post_type=product&#038;p=3545"},"modified":"2026-04-05T12:31:43","modified_gmt":"2026-04-05T10:31:43","slug":"roasted-peach-oolong","status":"publish","type":"product","link":"https:\/\/harly-tea.at\/de\/produkt\/roasted-peach-oolong\/","title":{"rendered":"Roasted Peach Oolong (Tian Ran Mi Tao Wu Long Cha)"},"content":{"rendered":"<p>Dieser stark oxidierte Pfirsich-Oolong bietet einen sanften Geschmack mit intensiver S\u00fc\u00dfe, der in vielerlei Hinsicht an roten Tee erinnert. Er wurde mit einer Essenz aus echten Pfirsichen aromatisiert, wodurch dieser Tee sowohl kalt als auch hei\u00df angenehm zu trinken ist.<\/p>\n<p>Der bernsteinfarbene Lik\u00f6r umschmeichelt die Geschmacksknospen mit fruchtigen und s\u00fc\u00dfen, leicht ger\u00f6steten Noten wobei aber die typischen Eigenschaften es hochgebirgigen Oolongs weiter vorhanden sind. Seine Bl\u00e4tter sind ziemlich eng gerollt und die Farben reichen von braun bis ocker, der Geschmack entwickelt sich mit jedem Aufguss weiter, startet mit Pfirischnoten, R\u00f6st- und Mineralnoten, Ankl\u00e4nge von dunklem Brot und Milchschokolade.<\/p>\n<div class=\"row mt-5\">\n   <div class=\"col-md-12 text-center\">\n      <h3>Zubereitungsempfehlung<\/h3>\n   <\/div>\n   <\/div><div class=\"row\">   <div class=\"col-md-4 wc-info-box\">\n      <i class=\"fa fa-3x fa-scale-balanced\"><\/i>\n      <h4>5 Gramm Tee pro 200ml<\/h4>\n      <\/div>   <div class=\"col-md-4 wc-info-box\">\n      <i class=\"fa fa-3x fa-temperature-full\"><\/i>\n      <h4>90\u00b0C Wassertemperatur<\/h4>\n      <\/div>   <div class=\"col-md-4 wc-info-box\">\n      <i class=\"fa fa-3x fa-clock\"><\/i>\n      <h4>1:30 Minuten Ziehzeit<\/h4>\n      <\/div><\/div>\n","protected":false},"excerpt":{"rendered":"<p>Dieser stark oxidierte Pfirsich-Oolong bietet einen sanften Geschmack mit intensiver S\u00fc\u00dfe, der in vielerlei Hinsicht an roten Tee erinnert. Er<\/p>\n","protected":false},"featured_media":3521,"template":"","meta":[],"product_brand":[],"product_cat":[95],"product_tag":[],"class_list":{"0":"post-3545","1":"product","2":"type-product","3":"status-publish","4":"has-post-thumbnail","6":"product_cat-oolong-tee","8":"first","9":"instock","10":"taxable","11":"shipping-taxable","12":"purchasable","13":"product-type-simple"},"_links":{"self":[{"href":"https:\/\/harly-tea.at\/de\/wp-json\/wp\/v2\/product\/3545","targetHints":{"allow":["GET"]}}],"collection":[{"href":"https:\/\/harly-tea.at\/de\/wp-json\/wp\/v2\/product"}],"about":[{"href":"https:\/\/harly-tea.at\/de\/wp-json\/wp\/v2\/types\/product"}],"wp:featuredmedia":[{"embeddable":true,"href":"https:\/\/harly-tea.at\/de\/wp-json\/wp\/v2\/media\/3521"}],"wp:attachment":[{"href":"https:\/\/harly-tea.at\/de\/wp-json\/wp\/v2\/media?parent=3545"}],"wp:term":[{"taxonomy":"product_brand","embeddable":true,"href":"https:\/\/harly-tea.at\/de\/wp-json\/wp\/v2\/product_brand?post=3545"},{"taxonomy":"product_cat","embeddable":true,"href":"https:\/\/harly-tea.at\/de\/wp-json\/wp\/v2\/product_cat?post=3545"},{"taxonomy":"product_tag","embeddable":true,"href":"https:\/\/harly-tea.at\/de\/wp-json\/wp\/v2\/product_tag?post=3545"}],"curies":[{"name":"wp","href":"https:\/\/api.w.org\/{rel}","templated":true}]}}