{"id":3547,"date":"2024-02-12T16:25:24","date_gmt":"2024-02-12T15:25:24","guid":{"rendered":"https:\/\/harly-tea.at\/?post_type=product&#038;p=3547"},"modified":"2024-02-12T17:00:29","modified_gmt":"2024-02-12T16:00:29","slug":"1997-taiwan-aged-oolong","status":"publish","type":"product","link":"https:\/\/harly-tea.at\/de\/produkt\/1997-taiwan-aged-oolong\/","title":{"rendered":"Ciu Yu 1997 Aged Oolong (Tai Wan Wu Long Chen Cha)"},"content":{"rendered":"<p>Dieser Oolong ist ein einzigartiger, bereifter Tee aus Taiwan. Es handelt sich um eine Mischung aus Bl\u00e4ttern verschiedener Sorten, die von einem erfahrenen Teemeister fachm\u00e4nnisch gereift wurden. Der Tee wurde 1997 geerntet. <\/p>\n<p>Die trockenen Bl\u00e4tter sind fest gerollt und haben ein dunkles Aussehen, das das Ergebnis langfristiger Reifung und regelm\u00e4\u00dfiger R\u00fcstung ist. Der Geschmack ist zart und weich. Obwohl dieser Tee mehrfach ger\u00f6stet wurde, weist er keinen deutlichen R\u00f6stgeschmack auf. Der Geschmack ist insgesamt fruchtig, man erkennt jedoch holzige und leicht erdige Noten. Sein Profil ist sehr Komplex mit einer sehr interessanten Textur.<\/p>\n<p>Reife Oolongs werden auf die gleiche Weise hergestellt wie jeder andere Oolong. Anschlie\u00dfend l\u00e4sst man sie mehrere Jahre reifen. Damit der Tee jedoch beim Altern nicht verdirbt, muss er mindestens einmal im Jahr umger\u00fchrt und gebacken werden &#8211; ein sehr m\u00fchsamer Prozess, der die F\u00e4higkeiten des Teemeisters erfordert.<\/p>\n<div class=\"row mt-5\">\n   <div class=\"col-md-12 text-center\">\n      <h3>Zubereitungsempfehlung<\/h3>\n   <\/div>\n   <\/div><div class=\"row\">   <div class=\"col-md-4 wc-info-box\">\n      <i class=\"fa fa-3x fa-scale-balanced\"><\/i>\n      <h4>5 Gramm Tee pro 200ml<\/h4>\n      <\/div>   <div class=\"col-md-4 wc-info-box\">\n      <i class=\"fa fa-3x fa-temperature-full\"><\/i>\n      <h4>90\u00b0C Wassertemperatur<\/h4>\n      <\/div>   <div class=\"col-md-4 wc-info-box\">\n      <i class=\"fa fa-3x fa-clock\"><\/i>\n      <h4>1:30 Minuten Ziehzeit<\/h4>\n      <\/div><\/div>\n","protected":false},"excerpt":{"rendered":"<p>Dieser Oolong ist ein einzigartiger, bereifter Tee aus Taiwan. Es handelt sich um eine Mischung aus Bl\u00e4ttern verschiedener Sorten, die<\/p>\n","protected":false},"featured_media":3505,"template":"","meta":[],"product_brand":[],"product_cat":[95,16],"product_tag":[],"class_list":{"0":"post-3547","1":"product","2":"type-product","3":"status-publish","4":"has-post-thumbnail","6":"product_cat-oolong-tee","7":"product_cat-tee","9":"first","10":"instock","11":"taxable","12":"shipping-taxable","13":"purchasable","14":"product-type-simple"},"_links":{"self":[{"href":"https:\/\/harly-tea.at\/de\/wp-json\/wp\/v2\/product\/3547","targetHints":{"allow":["GET"]}}],"collection":[{"href":"https:\/\/harly-tea.at\/de\/wp-json\/wp\/v2\/product"}],"about":[{"href":"https:\/\/harly-tea.at\/de\/wp-json\/wp\/v2\/types\/product"}],"wp:featuredmedia":[{"embeddable":true,"href":"https:\/\/harly-tea.at\/de\/wp-json\/wp\/v2\/media\/3505"}],"wp:attachment":[{"href":"https:\/\/harly-tea.at\/de\/wp-json\/wp\/v2\/media?parent=3547"}],"wp:term":[{"taxonomy":"product_brand","embeddable":true,"href":"https:\/\/harly-tea.at\/de\/wp-json\/wp\/v2\/product_brand?post=3547"},{"taxonomy":"product_cat","embeddable":true,"href":"https:\/\/harly-tea.at\/de\/wp-json\/wp\/v2\/product_cat?post=3547"},{"taxonomy":"product_tag","embeddable":true,"href":"https:\/\/harly-tea.at\/de\/wp-json\/wp\/v2\/product_tag?post=3547"}],"curies":[{"name":"wp","href":"https:\/\/api.w.org\/{rel}","templated":true}]}}