{"id":3550,"date":"2024-02-14T12:09:12","date_gmt":"2024-02-14T11:09:12","guid":{"rendered":"https:\/\/harly-tea.at\/?post_type=product&#038;p=3550"},"modified":"2025-03-10T06:49:46","modified_gmt":"2025-03-10T05:49:46","slug":"mate-lemonlime-bio","status":"publish","type":"product","link":"https:\/\/harly-tea.at\/de\/produkt\/mate-lemonlime-bio\/","title":{"rendered":"Mate Lemon&#038;Lime BIO"},"content":{"rendered":"<div class=\"row mt-5\">\n   <div class=\"col-md-12 text-center\">\n      <h3>Zubereitungsempfehlung<\/h3>\n   <\/div>\n   <\/div><div class=\"row\">   <div class=\"col-md-4 wc-info-box\">\n      <i class=\"fa fa-3x fa-scale-balanced\"><\/i>\n      <h4>5 Gramm Tee pro 200ml<\/h4>\n      <\/div>   <div class=\"col-md-4 wc-info-box\">\n      <i class=\"fa fa-3x fa-temperature-full\"><\/i>\n      <h4>100\u00b0C Wassertemperatur<\/h4>\n      <\/div>   <div class=\"col-md-4 wc-info-box\">\n      <i class=\"fa fa-3x fa-clock\"><\/i>\n      <h4>5-7 Minuten Ziehzeit<\/h4>\n      <\/div><\/div>\n","protected":false},"excerpt":{"rendered":"<p>Ein spannender MATE!! Herb und zitronig funktioniert bestens zusammen. So wie bei diesem Mate mit dem Geschmack von Zitrone und Limette.<\/p>\n<p>Zutaten: Mate gr\u00fcn* (34 %), Apfeltrester*, Zitronengras*, S\u00fc\u00dfholzwurzel*, Zitronenschalen* ( 8%), Aromen, S\u00e4uerungsmittel: Citronens\u00e4ure, Limettenst\u00fccke* (4 %), Zitronenmyrte*, Sonnenblumenbl\u00fcten*<br \/>\n(* Zutaten aus kontrolliert biologischem Anbau)<\/p>\n","protected":false},"featured_media":3551,"template":"","meta":[],"product_brand":[],"product_cat":[16],"product_tag":[],"class_list":{"0":"post-3550","1":"product","2":"type-product","3":"status-publish","4":"has-post-thumbnail","6":"product_cat-tee","8":"first","9":"instock","10":"taxable","11":"shipping-taxable","12":"purchasable","13":"product-type-simple"},"_links":{"self":[{"href":"https:\/\/harly-tea.at\/de\/wp-json\/wp\/v2\/product\/3550","targetHints":{"allow":["GET"]}}],"collection":[{"href":"https:\/\/harly-tea.at\/de\/wp-json\/wp\/v2\/product"}],"about":[{"href":"https:\/\/harly-tea.at\/de\/wp-json\/wp\/v2\/types\/product"}],"wp:featuredmedia":[{"embeddable":true,"href":"https:\/\/harly-tea.at\/de\/wp-json\/wp\/v2\/media\/3551"}],"wp:attachment":[{"href":"https:\/\/harly-tea.at\/de\/wp-json\/wp\/v2\/media?parent=3550"}],"wp:term":[{"taxonomy":"product_brand","embeddable":true,"href":"https:\/\/harly-tea.at\/de\/wp-json\/wp\/v2\/product_brand?post=3550"},{"taxonomy":"product_cat","embeddable":true,"href":"https:\/\/harly-tea.at\/de\/wp-json\/wp\/v2\/product_cat?post=3550"},{"taxonomy":"product_tag","embeddable":true,"href":"https:\/\/harly-tea.at\/de\/wp-json\/wp\/v2\/product_tag?post=3550"}],"curies":[{"name":"wp","href":"https:\/\/api.w.org\/{rel}","templated":true}]}}