{"id":3603,"date":"2024-03-02T12:51:17","date_gmt":"2024-03-02T11:51:17","guid":{"rendered":"https:\/\/harly-tea.at\/?post_type=product&#038;p=3603"},"modified":"2025-03-06T09:56:56","modified_gmt":"2025-03-06T08:56:56","slug":"wachau-deluxe","status":"publish","type":"product","link":"https:\/\/harly-tea.at\/de\/produkt\/wachau-deluxe\/","title":{"rendered":"Wachau deluxe"},"content":{"rendered":"<p>Diese au\u00dfergew\u00f6hnliche Komposition sorgt f\u00fcr einen himmlischen Genuss! Der mild-rauchige und vollmundige China-Ceylon-Blend erg\u00e4nzt sich harmonisch mit dem kr\u00e4ftigen und fruchtigen Pfirsich-Marillen-Aroma. Verschiedene Rotfr\u00fcchte verleihen einen beerigen Touch. Ein Hauch cremiger Vanille perfektioniert die Mischung. Diese runde und ausgewogene Teekreation, veredelt durch die Farben leuchtender Sonnenblumen und himmlisch blau-violetten Malvenbl\u00fcten, ist nicht nur f\u00fcr kleine Engel ein himmlisches Vergn\u00fcgen. <\/p>\n<p>Zutaten: Schwarzer Tee aus China und Ceylon, Aroma, Sonnenblumenbl\u00fcten, Malvenbl\u00fcten<\/p>\n<p>&nbsp;<\/p>\n<div class=\"row mt-5\">\n   <div class=\"col-md-12 text-center\">\n      <h3>Zubereitungsempfehlung<\/h3>\n   <\/div>\n   <\/div><div class=\"row\">   <div class=\"col-md-4 wc-info-box\">\n      <i class=\"fa fa-3x fa-scale-balanced\"><\/i>\n      <h4>3 Gramm Tee pro 200ml<\/h4>\n      <\/div>   <div class=\"col-md-4 wc-info-box\">\n      <i class=\"fa fa-3x fa-temperature-full\"><\/i>\n      <h4>100\u00b0C Wassertemperatur<\/h4>\n      <\/div>   <div class=\"col-md-4 wc-info-box\">\n      <i class=\"fa fa-3x fa-clock\"><\/i>\n      <h4>3 Minuten Ziehzeit<\/h4>\n      <\/div><\/div>\n","protected":false},"excerpt":{"rendered":"<p>Diese au\u00dfergew\u00f6hnliche Komposition sorgt f\u00fcr einen himmlischen Genuss! Der mild-rauchige und vollmundige China-Ceylon-Blend erg\u00e4nzt sich harmonisch mit dem kr\u00e4ftigen und<\/p>\n","protected":false},"featured_media":3604,"template":"","meta":[],"product_brand":[],"product_cat":[100],"product_tag":[],"class_list":{"0":"post-3603","1":"product","2":"type-product","3":"status-publish","4":"has-post-thumbnail","6":"product_cat-aromatisierter-schwarztee","8":"first","9":"instock","10":"taxable","11":"shipping-taxable","12":"purchasable","13":"product-type-simple"},"_links":{"self":[{"href":"https:\/\/harly-tea.at\/de\/wp-json\/wp\/v2\/product\/3603","targetHints":{"allow":["GET"]}}],"collection":[{"href":"https:\/\/harly-tea.at\/de\/wp-json\/wp\/v2\/product"}],"about":[{"href":"https:\/\/harly-tea.at\/de\/wp-json\/wp\/v2\/types\/product"}],"wp:featuredmedia":[{"embeddable":true,"href":"https:\/\/harly-tea.at\/de\/wp-json\/wp\/v2\/media\/3604"}],"wp:attachment":[{"href":"https:\/\/harly-tea.at\/de\/wp-json\/wp\/v2\/media?parent=3603"}],"wp:term":[{"taxonomy":"product_brand","embeddable":true,"href":"https:\/\/harly-tea.at\/de\/wp-json\/wp\/v2\/product_brand?post=3603"},{"taxonomy":"product_cat","embeddable":true,"href":"https:\/\/harly-tea.at\/de\/wp-json\/wp\/v2\/product_cat?post=3603"},{"taxonomy":"product_tag","embeddable":true,"href":"https:\/\/harly-tea.at\/de\/wp-json\/wp\/v2\/product_tag?post=3603"}],"curies":[{"name":"wp","href":"https:\/\/api.w.org\/{rel}","templated":true}]}}