{"id":3611,"date":"2024-03-04T07:32:44","date_gmt":"2024-03-04T06:32:44","guid":{"rendered":"https:\/\/harly-tea.at\/?post_type=product&#038;p=3611"},"modified":"2025-02-09T11:44:59","modified_gmt":"2025-02-09T10:44:59","slug":"teebecher-pucheng-4-stueck","status":"publish","type":"product","link":"https:\/\/harly-tea.at\/de\/produkt\/teebecher-pucheng-4-stueck\/","title":{"rendered":"Teebecher PUCHENG (4 St\u00fcck)"},"content":{"rendered":"<p>4-teiliges Teeschalen-Set mit h\u00fcbschen Designs. Passend zur Teekanne Pucheng. Die Schalen sind sp\u00fclmaschinengeeignet.<\/p>\n","protected":false},"excerpt":{"rendered":"<p>4-teiliges Teeschalen-Set mit h\u00fcbschen Designs. Passend zur Teekanne Pucheng. Die Schalen sind sp\u00fclmaschinengeeignet.<\/p>\n","protected":false},"featured_media":3612,"template":"","meta":[],"product_brand":[],"product_cat":[63,65],"product_tag":[],"class_list":{"0":"post-3611","1":"product","2":"type-product","3":"status-publish","4":"has-post-thumbnail","6":"product_cat-zubehoer","7":"product_cat-teekannen-tassen","9":"first","10":"instock","11":"taxable","12":"shipping-taxable","13":"purchasable","14":"product-type-simple"},"_links":{"self":[{"href":"https:\/\/harly-tea.at\/de\/wp-json\/wp\/v2\/product\/3611","targetHints":{"allow":["GET"]}}],"collection":[{"href":"https:\/\/harly-tea.at\/de\/wp-json\/wp\/v2\/product"}],"about":[{"href":"https:\/\/harly-tea.at\/de\/wp-json\/wp\/v2\/types\/product"}],"wp:featuredmedia":[{"embeddable":true,"href":"https:\/\/harly-tea.at\/de\/wp-json\/wp\/v2\/media\/3612"}],"wp:attachment":[{"href":"https:\/\/harly-tea.at\/de\/wp-json\/wp\/v2\/media?parent=3611"}],"wp:term":[{"taxonomy":"product_brand","embeddable":true,"href":"https:\/\/harly-tea.at\/de\/wp-json\/wp\/v2\/product_brand?post=3611"},{"taxonomy":"product_cat","embeddable":true,"href":"https:\/\/harly-tea.at\/de\/wp-json\/wp\/v2\/product_cat?post=3611"},{"taxonomy":"product_tag","embeddable":true,"href":"https:\/\/harly-tea.at\/de\/wp-json\/wp\/v2\/product_tag?post=3611"}],"curies":[{"name":"wp","href":"https:\/\/api.w.org\/{rel}","templated":true}]}}