{"id":3614,"date":"2024-04-07T16:46:54","date_gmt":"2024-04-07T14:46:54","guid":{"rendered":"https:\/\/harly-tea.at\/?post_type=product&#038;p=3614"},"modified":"2025-02-09T11:06:24","modified_gmt":"2025-02-09T10:06:24","slug":"gusseisenkanne-shanghai-rot-gold-06l","status":"publish","type":"product","link":"https:\/\/harly-tea.at\/de\/produkt\/gusseisenkanne-shanghai-rot-gold-06l\/","title":{"rendered":"Gu\u00dfeisenkanne SHANGHAI rot-gold 0,6l"},"content":{"rendered":"<p>F\u00fcr Liebhaber des japanischen Tees ein wundervolles Geschenk! Die gusseiserne Teekanne wird einschlie\u00dflich zweier gusseisener Tassen in einer sch\u00f6nen Geschenkverpackung geliefert. Sowohl die Teekanne als auch die Tassen haben eine emaillierte Innenseite. Die Teekanne fasst 0,6 Liter und wird mit einem Edelstahlfilter geliefert.<\/p>\n","protected":false},"excerpt":{"rendered":"<p>F\u00fcr Liebhaber des japanischen Tees ein wundervolles Geschenk! Die gusseiserne Teekanne wird einschlie\u00dflich zweier gusseisener Tassen in einer sch\u00f6nen Geschenkverpackung<\/p>\n","protected":false},"featured_media":3617,"template":"","meta":[],"product_brand":[],"product_cat":[63,65],"product_tag":[],"class_list":{"0":"post-3614","1":"product","2":"type-product","3":"status-publish","4":"has-post-thumbnail","6":"product_cat-zubehoer","7":"product_cat-teekannen-tassen","9":"first","10":"outofstock","11":"taxable","12":"shipping-taxable","13":"purchasable","14":"product-type-simple"},"_links":{"self":[{"href":"https:\/\/harly-tea.at\/de\/wp-json\/wp\/v2\/product\/3614","targetHints":{"allow":["GET"]}}],"collection":[{"href":"https:\/\/harly-tea.at\/de\/wp-json\/wp\/v2\/product"}],"about":[{"href":"https:\/\/harly-tea.at\/de\/wp-json\/wp\/v2\/types\/product"}],"wp:featuredmedia":[{"embeddable":true,"href":"https:\/\/harly-tea.at\/de\/wp-json\/wp\/v2\/media\/3617"}],"wp:attachment":[{"href":"https:\/\/harly-tea.at\/de\/wp-json\/wp\/v2\/media?parent=3614"}],"wp:term":[{"taxonomy":"product_brand","embeddable":true,"href":"https:\/\/harly-tea.at\/de\/wp-json\/wp\/v2\/product_brand?post=3614"},{"taxonomy":"product_cat","embeddable":true,"href":"https:\/\/harly-tea.at\/de\/wp-json\/wp\/v2\/product_cat?post=3614"},{"taxonomy":"product_tag","embeddable":true,"href":"https:\/\/harly-tea.at\/de\/wp-json\/wp\/v2\/product_tag?post=3614"}],"curies":[{"name":"wp","href":"https:\/\/api.w.org\/{rel}","templated":true}]}}