{"id":3619,"date":"2024-03-04T07:58:40","date_gmt":"2024-03-04T06:58:40","guid":{"rendered":"https:\/\/harly-tea.at\/?post_type=product&#038;p=3619"},"modified":"2026-03-12T11:28:28","modified_gmt":"2026-03-12T10:28:28","slug":"gusseisenkanne-linhai-rot-gold-oder-petrol-11l","status":"publish","type":"product","link":"https:\/\/harly-tea.at\/de\/produkt\/gusseisenkanne-linhai-rot-gold-oder-petrol-11l\/","title":{"rendered":"Gu\u00dfeisenkanne LINHAI rot-gold oder petrol 1,1l"},"content":{"rendered":"<p>Verleihen Sie Ihrem Zuhause einen Hauch asiatisches Flair mit der Teekanne Linhai aus der Asia-Kollektion von Bredemeijer\u00ae. Die Kanne ist mit einem goldfarbenen Henkel versehen und in den Farben Rostrot und Petrol erh\u00e4ltlich. Dank der emaillierten Innenseite l\u00e4sst sich die Kanne leicht aussp\u00fclen.<\/p>\n","protected":false},"excerpt":{"rendered":"<p>Verleihen Sie Ihrem Zuhause einen Hauch asiatisches Flair mit der Teekanne Linhai aus der Asia-Kollektion von Bredemeijer\u00ae. Die Kanne ist<\/p>\n","protected":false},"featured_media":3624,"template":"","meta":[],"product_brand":[],"product_cat":[63,65],"product_tag":[],"class_list":{"0":"post-3619","1":"product","2":"type-product","3":"status-publish","4":"has-post-thumbnail","6":"product_cat-zubehoer","7":"product_cat-teekannen-tassen","9":"first","10":"instock","11":"taxable","12":"shipping-taxable","13":"purchasable","14":"product-type-variable"},"_links":{"self":[{"href":"https:\/\/harly-tea.at\/de\/wp-json\/wp\/v2\/product\/3619","targetHints":{"allow":["GET"]}}],"collection":[{"href":"https:\/\/harly-tea.at\/de\/wp-json\/wp\/v2\/product"}],"about":[{"href":"https:\/\/harly-tea.at\/de\/wp-json\/wp\/v2\/types\/product"}],"wp:featuredmedia":[{"embeddable":true,"href":"https:\/\/harly-tea.at\/de\/wp-json\/wp\/v2\/media\/3624"}],"wp:attachment":[{"href":"https:\/\/harly-tea.at\/de\/wp-json\/wp\/v2\/media?parent=3619"}],"wp:term":[{"taxonomy":"product_brand","embeddable":true,"href":"https:\/\/harly-tea.at\/de\/wp-json\/wp\/v2\/product_brand?post=3619"},{"taxonomy":"product_cat","embeddable":true,"href":"https:\/\/harly-tea.at\/de\/wp-json\/wp\/v2\/product_cat?post=3619"},{"taxonomy":"product_tag","embeddable":true,"href":"https:\/\/harly-tea.at\/de\/wp-json\/wp\/v2\/product_tag?post=3619"}],"curies":[{"name":"wp","href":"https:\/\/api.w.org\/{rel}","templated":true}]}}