{"id":3632,"date":"2024-03-04T08:05:16","date_gmt":"2024-03-04T07:05:16","guid":{"rendered":"https:\/\/harly-tea.at\/?post_type=product&#038;p=3632"},"modified":"2024-12-15T11:23:45","modified_gmt":"2024-12-15T10:23:45","slug":"tee-set-viborg-12l-mit-waermer","status":"publish","type":"product","link":"https:\/\/harly-tea.at\/de\/produkt\/tee-set-viborg-12l-mit-waermer\/","title":{"rendered":"Tee-Set Viborg 1,2L mit W\u00e4rmer"},"content":{"rendered":"<p>Dieses h\u00fcbsche Teeset besteht aus einer gl\u00e4nzenden Porzellankanne mit Teelicht. Die Teekanne hat ein Fassungsverm\u00f6gen von 1,2 Litern, was etwa sechs Tassen Tee entspricht. Mit dem Teelicht k\u00f6nnen Sie Ihren Tee l\u00e4nger hei\u00df halten. Erh\u00e4ltlich in modernem Warmgrau.<\/p>\n","protected":false},"excerpt":{"rendered":"<p>Dieses h\u00fcbsche Teeset besteht aus einer gl\u00e4nzenden Porzellankanne mit Teelicht. Die Teekanne hat ein Fassungsverm\u00f6gen von 1,2 Litern, was etwa<\/p>\n","protected":false},"featured_media":3633,"template":"","meta":[],"product_brand":[],"product_cat":[63,65],"product_tag":[],"class_list":{"0":"post-3632","1":"product","2":"type-product","3":"status-publish","4":"has-post-thumbnail","6":"product_cat-zubehoer","7":"product_cat-teekannen-tassen","9":"first","10":"outofstock","11":"taxable","12":"shipping-taxable","13":"purchasable","14":"product-type-simple"},"_links":{"self":[{"href":"https:\/\/harly-tea.at\/de\/wp-json\/wp\/v2\/product\/3632","targetHints":{"allow":["GET"]}}],"collection":[{"href":"https:\/\/harly-tea.at\/de\/wp-json\/wp\/v2\/product"}],"about":[{"href":"https:\/\/harly-tea.at\/de\/wp-json\/wp\/v2\/types\/product"}],"wp:featuredmedia":[{"embeddable":true,"href":"https:\/\/harly-tea.at\/de\/wp-json\/wp\/v2\/media\/3633"}],"wp:attachment":[{"href":"https:\/\/harly-tea.at\/de\/wp-json\/wp\/v2\/media?parent=3632"}],"wp:term":[{"taxonomy":"product_brand","embeddable":true,"href":"https:\/\/harly-tea.at\/de\/wp-json\/wp\/v2\/product_brand?post=3632"},{"taxonomy":"product_cat","embeddable":true,"href":"https:\/\/harly-tea.at\/de\/wp-json\/wp\/v2\/product_cat?post=3632"},{"taxonomy":"product_tag","embeddable":true,"href":"https:\/\/harly-tea.at\/de\/wp-json\/wp\/v2\/product_tag?post=3632"}],"curies":[{"name":"wp","href":"https:\/\/api.w.org\/{rel}","templated":true}]}}