{"id":3638,"date":"2024-03-04T08:16:12","date_gmt":"2024-03-04T07:16:12","guid":{"rendered":"https:\/\/harly-tea.at\/?post_type=product&#038;p=3638"},"modified":"2025-10-15T21:58:14","modified_gmt":"2025-10-15T19:58:14","slug":"gusseisenkanne-shanxi-schwarz-1l-mit-zwei-cups-schwarz-weiss","status":"publish","type":"product","link":"https:\/\/harly-tea.at\/de\/produkt\/gusseisenkanne-shanxi-schwarz-1l-mit-zwei-cups-schwarz-weiss\/","title":{"rendered":"Gu\u00dfeisenkanne SHANXI schwarz 1l mit zwei Cups schwarz\/wei\u00df"},"content":{"rendered":"<p>F\u00fcr Teeliebhaber ein wundervolles Geschenk! Die gusseiserne wird einschlie\u00dflich zweier Porzellantassen in einer sch\u00f6nen Geschenkverpackung geliefert. Die Teekanne verf\u00fcgt \u00fcber eine mit Emaille \u00fcberzogene Innenseite und fasst 1,0 Liter. Sie wird inklusive Edelstahlfilter geliefert.<\/p>\n","protected":false},"excerpt":{"rendered":"<p>F\u00fcr Teeliebhaber ein wundervolles Geschenk! Die gusseiserne wird einschlie\u00dflich zweier Porzellantassen in einer sch\u00f6nen Geschenkverpackung geliefert. Die Teekanne verf\u00fcgt \u00fcber<\/p>\n","protected":false},"featured_media":3639,"template":"","meta":[],"product_brand":[],"product_cat":[63,67,69,65],"product_tag":[],"class_list":{"0":"post-3638","1":"product","2":"type-product","3":"status-publish","4":"has-post-thumbnail","6":"product_cat-zubehoer","7":"product_cat-geschenke","8":"product_cat-individuelle-geschenksets-fuer-liebhaber","9":"product_cat-teekannen-tassen","11":"first","12":"outofstock","13":"taxable","14":"shipping-taxable","15":"purchasable","16":"product-type-simple"},"_links":{"self":[{"href":"https:\/\/harly-tea.at\/de\/wp-json\/wp\/v2\/product\/3638","targetHints":{"allow":["GET"]}}],"collection":[{"href":"https:\/\/harly-tea.at\/de\/wp-json\/wp\/v2\/product"}],"about":[{"href":"https:\/\/harly-tea.at\/de\/wp-json\/wp\/v2\/types\/product"}],"wp:featuredmedia":[{"embeddable":true,"href":"https:\/\/harly-tea.at\/de\/wp-json\/wp\/v2\/media\/3639"}],"wp:attachment":[{"href":"https:\/\/harly-tea.at\/de\/wp-json\/wp\/v2\/media?parent=3638"}],"wp:term":[{"taxonomy":"product_brand","embeddable":true,"href":"https:\/\/harly-tea.at\/de\/wp-json\/wp\/v2\/product_brand?post=3638"},{"taxonomy":"product_cat","embeddable":true,"href":"https:\/\/harly-tea.at\/de\/wp-json\/wp\/v2\/product_cat?post=3638"},{"taxonomy":"product_tag","embeddable":true,"href":"https:\/\/harly-tea.at\/de\/wp-json\/wp\/v2\/product_tag?post=3638"}],"curies":[{"name":"wp","href":"https:\/\/api.w.org\/{rel}","templated":true}]}}