{"id":3654,"date":"2024-03-04T09:21:31","date_gmt":"2024-03-04T08:21:31","guid":{"rendered":"https:\/\/harly-tea.at\/?post_type=product&#038;p=3654"},"modified":"2024-05-23T12:27:44","modified_gmt":"2024-05-23T10:27:44","slug":"set-japanische-cups-togusa-muster","status":"publish","type":"product","link":"https:\/\/harly-tea.at\/de\/produkt\/set-japanische-cups-togusa-muster\/","title":{"rendered":"Set japanische Cups &#8211; Togusa Muster"},"content":{"rendered":"<p id=\"tw-target-text\" class=\"tw-data-text tw-text-large tw-ta\" dir=\"ltr\" data-placeholder=\"\u00dcbersetzung\" data-ved=\"2ahUKEwiX8M3mj9qEAxWASPEDHaMMDMIQ3ewLegQIBRAU\"><span class=\"Y2IQFc\" lang=\"de\">Diese dekorativen Tassen mit japanischer abstrakter Kunst wurden von Japans besten T\u00f6pfermeistern k\u00fcnstlerisch gestaltet. Die Tassen sind mit einer nat\u00fcrlichen Glasur versehen, die die Poren versiegelt, aber eine strukturierte Qualit\u00e4t f\u00fcr einen \u201ehandwerklichen\u201c Look erm\u00f6glicht. Sie sind wundersch\u00f6n in einer schwarzen Geschenkbox verpackt.\u00a0<\/span><\/p>\n<p id=\"tw-target-text\" class=\"tw-data-text tw-text-large tw-ta\" dir=\"ltr\" data-placeholder=\"\u00dcbersetzung\" data-ved=\"2ahUKEwiX8M3mj9qEAxWASPEDHaMMDMIQ3ewLegQIBRAU\"><span class=\"Y2IQFc\" lang=\"de\">H\u00f6he: 7,4 cm. Durchmesser: 7 cm<\/span><\/p>\n","protected":false},"excerpt":{"rendered":"<p>Diese dekorativen Tassen mit japanischer abstrakter Kunst wurden von Japans besten T\u00f6pfermeistern k\u00fcnstlerisch gestaltet. Die Tassen sind mit einer nat\u00fcrlichen<\/p>\n","protected":false},"featured_media":3655,"template":"","meta":[],"product_brand":[],"product_cat":[63,67,69,65],"product_tag":[],"class_list":{"0":"post-3654","1":"product","2":"type-product","3":"status-publish","4":"has-post-thumbnail","6":"product_cat-zubehoer","7":"product_cat-geschenke","8":"product_cat-individuelle-geschenksets-fuer-liebhaber","9":"product_cat-teekannen-tassen","11":"first","12":"outofstock","13":"taxable","14":"shipping-taxable","15":"purchasable","16":"product-type-simple"},"_links":{"self":[{"href":"https:\/\/harly-tea.at\/de\/wp-json\/wp\/v2\/product\/3654","targetHints":{"allow":["GET"]}}],"collection":[{"href":"https:\/\/harly-tea.at\/de\/wp-json\/wp\/v2\/product"}],"about":[{"href":"https:\/\/harly-tea.at\/de\/wp-json\/wp\/v2\/types\/product"}],"wp:featuredmedia":[{"embeddable":true,"href":"https:\/\/harly-tea.at\/de\/wp-json\/wp\/v2\/media\/3655"}],"wp:attachment":[{"href":"https:\/\/harly-tea.at\/de\/wp-json\/wp\/v2\/media?parent=3654"}],"wp:term":[{"taxonomy":"product_brand","embeddable":true,"href":"https:\/\/harly-tea.at\/de\/wp-json\/wp\/v2\/product_brand?post=3654"},{"taxonomy":"product_cat","embeddable":true,"href":"https:\/\/harly-tea.at\/de\/wp-json\/wp\/v2\/product_cat?post=3654"},{"taxonomy":"product_tag","embeddable":true,"href":"https:\/\/harly-tea.at\/de\/wp-json\/wp\/v2\/product_tag?post=3654"}],"curies":[{"name":"wp","href":"https:\/\/api.w.org\/{rel}","templated":true}]}}