{"id":3657,"date":"2024-03-04T09:32:38","date_gmt":"2024-03-04T08:32:38","guid":{"rendered":"https:\/\/harly-tea.at\/?post_type=product&#038;p=3657"},"modified":"2026-03-12T11:24:51","modified_gmt":"2026-03-12T10:24:51","slug":"teesiebbecher-shapes-035l","status":"publish","type":"product","link":"https:\/\/harly-tea.at\/de\/produkt\/teesiebbecher-shapes-035l\/","title":{"rendered":"Teesiebbecher SHAPES (0,35l)"},"content":{"rendered":"<p>Porzellanbecher mit Deckel und Edelstahlsieb im Geschenkkarton, New Bone China<\/p>\n<p>0,35 l, \u00d8 85 mm, H\u00f6he 115 mm<\/p>\n<p>Sp\u00fclmaschinengeeignet:\u00a0ja<\/p>\n","protected":false},"excerpt":{"rendered":"<p>Porzellanbecher mit Deckel und Edelstahlsieb im Geschenkkarton, New Bone China 0,35 l, \u00d8 85 mm, H\u00f6he 115 mm Sp\u00fclmaschinengeeignet:\u00a0ja<\/p>\n","protected":false},"featured_media":3658,"template":"","meta":[],"product_brand":[],"product_cat":[63,64],"product_tag":[],"class_list":{"0":"post-3657","1":"product","2":"type-product","3":"status-publish","4":"has-post-thumbnail","6":"product_cat-zubehoer","7":"product_cat-teezubereitung","9":"first","10":"outofstock","11":"taxable","12":"shipping-taxable","13":"purchasable","14":"product-type-simple"},"_links":{"self":[{"href":"https:\/\/harly-tea.at\/de\/wp-json\/wp\/v2\/product\/3657","targetHints":{"allow":["GET"]}}],"collection":[{"href":"https:\/\/harly-tea.at\/de\/wp-json\/wp\/v2\/product"}],"about":[{"href":"https:\/\/harly-tea.at\/de\/wp-json\/wp\/v2\/types\/product"}],"wp:featuredmedia":[{"embeddable":true,"href":"https:\/\/harly-tea.at\/de\/wp-json\/wp\/v2\/media\/3658"}],"wp:attachment":[{"href":"https:\/\/harly-tea.at\/de\/wp-json\/wp\/v2\/media?parent=3657"}],"wp:term":[{"taxonomy":"product_brand","embeddable":true,"href":"https:\/\/harly-tea.at\/de\/wp-json\/wp\/v2\/product_brand?post=3657"},{"taxonomy":"product_cat","embeddable":true,"href":"https:\/\/harly-tea.at\/de\/wp-json\/wp\/v2\/product_cat?post=3657"},{"taxonomy":"product_tag","embeddable":true,"href":"https:\/\/harly-tea.at\/de\/wp-json\/wp\/v2\/product_tag?post=3657"}],"curies":[{"name":"wp","href":"https:\/\/api.w.org\/{rel}","templated":true}]}}