{"id":3663,"date":"2024-03-04T09:42:57","date_gmt":"2024-03-04T08:42:57","guid":{"rendered":"https:\/\/harly-tea.at\/?post_type=product&#038;p=3663"},"modified":"2026-04-02T14:11:54","modified_gmt":"2026-04-02T12:11:54","slug":"tasse-botanique-025l","status":"publish","type":"product","link":"https:\/\/harly-tea.at\/de\/produkt\/tasse-botanique-025l\/","title":{"rendered":"Tasse Botanique (0,25l)"},"content":{"rendered":"<p>Porzellan wird aus den drei Rohstoffen Feldspat, Quarzsand und Kaolin hergestellt und mindestens zweimal bei Temperaturen bis zu 1500\u00b0C gebrannt. Daher hat es einen hohen Wei\u00dfgrad und unterscheidet sich farblich zum eher cremefarbenen Fine Bone China und New Bone China.<\/p>\n<ul class=\"details\">\n<li><b>Volumen in Litern:<\/b>\u00a00,3-0,4 l<\/li>\n<li><b>Spezifikation:<\/b>\u00a0Tasse 0,25 l, \u00d8 102 mm, H\u00f6he 52 mm, Untertasse \u00d8 160 mm<\/li>\n<li><b>Material:<\/b>\u00a0Porzellan<\/li>\n<li><b>Handbemalt:<\/b>\u00a0nein<\/li>\n<li><b>Sp\u00fclmaschinengeeignet:<\/b>\u00a0nein<\/li>\n<\/ul>\n","protected":false},"excerpt":{"rendered":"<p>Porzellan wird aus den drei Rohstoffen Feldspat, Quarzsand und Kaolin hergestellt und mindestens zweimal bei Temperaturen bis zu 1500\u00b0C gebrannt.<\/p>\n","protected":false},"featured_media":3664,"template":"","meta":[],"product_brand":[],"product_cat":[63,65],"product_tag":[],"class_list":{"0":"post-3663","1":"product","2":"type-product","3":"status-publish","4":"has-post-thumbnail","6":"product_cat-zubehoer","7":"product_cat-teekannen-tassen","9":"first","10":"instock","11":"taxable","12":"shipping-taxable","13":"purchasable","14":"product-type-simple"},"_links":{"self":[{"href":"https:\/\/harly-tea.at\/de\/wp-json\/wp\/v2\/product\/3663","targetHints":{"allow":["GET"]}}],"collection":[{"href":"https:\/\/harly-tea.at\/de\/wp-json\/wp\/v2\/product"}],"about":[{"href":"https:\/\/harly-tea.at\/de\/wp-json\/wp\/v2\/types\/product"}],"wp:featuredmedia":[{"embeddable":true,"href":"https:\/\/harly-tea.at\/de\/wp-json\/wp\/v2\/media\/3664"}],"wp:attachment":[{"href":"https:\/\/harly-tea.at\/de\/wp-json\/wp\/v2\/media?parent=3663"}],"wp:term":[{"taxonomy":"product_brand","embeddable":true,"href":"https:\/\/harly-tea.at\/de\/wp-json\/wp\/v2\/product_brand?post=3663"},{"taxonomy":"product_cat","embeddable":true,"href":"https:\/\/harly-tea.at\/de\/wp-json\/wp\/v2\/product_cat?post=3663"},{"taxonomy":"product_tag","embeddable":true,"href":"https:\/\/harly-tea.at\/de\/wp-json\/wp\/v2\/product_tag?post=3663"}],"curies":[{"name":"wp","href":"https:\/\/api.w.org\/{rel}","templated":true}]}}