{"id":3713,"date":"2024-03-19T09:33:16","date_gmt":"2024-03-19T08:33:16","guid":{"rendered":"https:\/\/harly-tea.at\/?post_type=product&#038;p=3713"},"modified":"2024-11-14T15:20:37","modified_gmt":"2024-11-14T14:20:37","slug":"martinas-holler","status":"publish","type":"product","link":"https:\/\/harly-tea.at\/de\/produkt\/martinas-holler\/","title":{"rendered":"Martinas Holler"},"content":{"rendered":"<p>Im perfekten Einklang steht der sehr aromatische, chinesische Oolong Ti Kuan Yin mit den zarten und typischen Noten der Holunderbl\u00fcte. Den besonderen Spritz erh\u00e4lt diese Komposition durch s\u00fc\u00dfe und herbe Noten von Zitrusfr\u00fcchten und der Lieblingstee von Martina!<\/p>\n<p>Zutaten: halbfermentierter Tee (58 %), Apfelst\u00fccke, Apfelw\u00fcrfel, nat\u00fcrliches Aroma, Heidekrautbl\u00fcten, rote Kornblumenbl\u00fcten<\/p>\n<p>&nbsp;<\/p>\n<div class=\"row mt-5\">\n   <div class=\"col-md-12 text-center\">\n      <h3>Zubereitungsempfehlung<\/h3>\n   <\/div>\n   <\/div><div class=\"row\">   <div class=\"col-md-4 wc-info-box\">\n      <i class=\"fa fa-3x fa-scale-balanced\"><\/i>\n      <h4>3 Gramm Tee pro 200ml<\/h4>\n      <\/div>   <div class=\"col-md-4 wc-info-box\">\n      <i class=\"fa fa-3x fa-temperature-full\"><\/i>\n      <h4>90\u00b0C Wassertemperatur<\/h4>\n      <\/div>   <div class=\"col-md-4 wc-info-box\">\n      <i class=\"fa fa-3x fa-clock\"><\/i>\n      <h4>2-3 Minuten Ziehzeit<\/h4>\n      <\/div><\/div>\n","protected":false},"excerpt":{"rendered":"<p>Im perfekten Einklang steht der sehr aromatische, chinesische Oolong Ti Kuan Yin mit den zarten und typischen Noten der Holunderbl\u00fcte.<\/p>\n","protected":false},"featured_media":3715,"template":"","meta":[],"product_brand":[],"product_cat":[16,95],"product_tag":[],"class_list":{"0":"post-3713","1":"product","2":"type-product","3":"status-publish","4":"has-post-thumbnail","6":"product_cat-tee","7":"product_cat-oolong-tee","9":"first","10":"outofstock","11":"taxable","12":"shipping-taxable","13":"purchasable","14":"product-type-simple"},"_links":{"self":[{"href":"https:\/\/harly-tea.at\/de\/wp-json\/wp\/v2\/product\/3713","targetHints":{"allow":["GET"]}}],"collection":[{"href":"https:\/\/harly-tea.at\/de\/wp-json\/wp\/v2\/product"}],"about":[{"href":"https:\/\/harly-tea.at\/de\/wp-json\/wp\/v2\/types\/product"}],"wp:featuredmedia":[{"embeddable":true,"href":"https:\/\/harly-tea.at\/de\/wp-json\/wp\/v2\/media\/3715"}],"wp:attachment":[{"href":"https:\/\/harly-tea.at\/de\/wp-json\/wp\/v2\/media?parent=3713"}],"wp:term":[{"taxonomy":"product_brand","embeddable":true,"href":"https:\/\/harly-tea.at\/de\/wp-json\/wp\/v2\/product_brand?post=3713"},{"taxonomy":"product_cat","embeddable":true,"href":"https:\/\/harly-tea.at\/de\/wp-json\/wp\/v2\/product_cat?post=3713"},{"taxonomy":"product_tag","embeddable":true,"href":"https:\/\/harly-tea.at\/de\/wp-json\/wp\/v2\/product_tag?post=3713"}],"curies":[{"name":"wp","href":"https:\/\/api.w.org\/{rel}","templated":true}]}}