{"id":3762,"date":"2024-05-13T12:39:35","date_gmt":"2024-05-13T10:39:35","guid":{"rendered":"https:\/\/harly-tea.at\/?post_type=product&#038;p=3762"},"modified":"2026-03-02T17:22:12","modified_gmt":"2026-03-02T16:22:12","slug":"kombucha-workshop-mit-alex-plut-bootch-kombucha","status":"publish","type":"product","link":"https:\/\/harly-tea.at\/de\/produkt\/kombucha-workshop-mit-alex-plut-bootch-kombucha\/","title":{"rendered":"Kombucha Workshop mit Alex Plut &#8211; Bootch Kombucha"},"content":{"rendered":"<p>Tauche ein in die faszinierende Welt des Kombuchas, einem traditionell fermentierten Erfrischungsgetr\u00e4nk aus Asien. Erfahre mehr \u00fcber seine lange Tradition und Herstellungsmethoden und erhalte alle n\u00f6tigen Kenntnisse, um deinen eigenen Kombucha zu Hause zu brauen. Abgerundet wird der Workshop durch eine Verkostung von Bootch Kombucha!<\/p>\n","protected":false},"excerpt":{"rendered":"<p><strong>N\u00e4chste geplante Termine:<\/strong><\/p>\n<p><strong>04.05.2026 Montag um 18:00 Uhr<\/strong><\/p>\n","protected":false},"featured_media":3769,"template":"","meta":[],"product_brand":[],"product_cat":[167,168],"product_tag":[],"class_list":{"0":"post-3762","1":"product","2":"type-product","3":"status-publish","4":"has-post-thumbnail","6":"product_cat-events","7":"product_cat-seminare","9":"first","10":"instock","11":"taxable","12":"shipping-taxable","13":"purchasable","14":"product-type-variable"},"_links":{"self":[{"href":"https:\/\/harly-tea.at\/de\/wp-json\/wp\/v2\/product\/3762","targetHints":{"allow":["GET"]}}],"collection":[{"href":"https:\/\/harly-tea.at\/de\/wp-json\/wp\/v2\/product"}],"about":[{"href":"https:\/\/harly-tea.at\/de\/wp-json\/wp\/v2\/types\/product"}],"wp:featuredmedia":[{"embeddable":true,"href":"https:\/\/harly-tea.at\/de\/wp-json\/wp\/v2\/media\/3769"}],"wp:attachment":[{"href":"https:\/\/harly-tea.at\/de\/wp-json\/wp\/v2\/media?parent=3762"}],"wp:term":[{"taxonomy":"product_brand","embeddable":true,"href":"https:\/\/harly-tea.at\/de\/wp-json\/wp\/v2\/product_brand?post=3762"},{"taxonomy":"product_cat","embeddable":true,"href":"https:\/\/harly-tea.at\/de\/wp-json\/wp\/v2\/product_cat?post=3762"},{"taxonomy":"product_tag","embeddable":true,"href":"https:\/\/harly-tea.at\/de\/wp-json\/wp\/v2\/product_tag?post=3762"}],"curies":[{"name":"wp","href":"https:\/\/api.w.org\/{rel}","templated":true}]}}