{"id":3888,"date":"2024-07-08T15:20:02","date_gmt":"2024-07-08T13:20:02","guid":{"rendered":"https:\/\/harly-tea.at\/?post_type=product&#038;p=3888"},"modified":"2026-04-05T12:16:17","modified_gmt":"2026-04-05T10:16:17","slug":"to-go-flasche-henrik-025l","status":"publish","type":"product","link":"https:\/\/harly-tea.at\/de\/produkt\/to-go-flasche-henrik-025l\/","title":{"rendered":"To-Go-Flasche &#8211; Henrik 0,25l"},"content":{"rendered":"<p>Diese To-Go Flasche ist ideal f\u00fcr das Br\u00fchen von Tee unterwegs! F\u00fcllen Sie einfach den Tee Ihrer Wahl in den Glasdeckel sowie hei\u00dfes Wasser in den Glask\u00f6rper. Verschrauben Sie den Deckel inklusive Sieb fest mit dem Trinkk\u00f6rper. Drehen Sie anschlie\u00dfend die Flasche auf den Kopf und belassen diese f\u00fcr den Br\u00fchvorgang in dieser Position. Drehen Sie dann die Flasche um 180\u00b0 und schrauben den Deckel und das Sieb ab um Ihren frisch gebr\u00fchten Tee zu genie\u00dfen! Borosilikatglas ist ein besonders temperaturbest\u00e4ndiges, hygienisches Material das sich einfach reinigen l\u00e4sst.<\/p>\n","protected":false},"excerpt":{"rendered":"<p>doppelwandiges Glas mit Edelstahlfilter<\/p>\n<p>H 21 cm, \u00d8 7 cm<\/p>\n<p>&nbsp;<\/p>\n","protected":false},"featured_media":3889,"template":"","meta":[],"product_brand":[],"product_cat":[63,64],"product_tag":[],"class_list":{"0":"post-3888","1":"product","2":"type-product","3":"status-publish","4":"has-post-thumbnail","6":"product_cat-zubehoer","7":"product_cat-teezubereitung","9":"first","10":"instock","11":"taxable","12":"shipping-taxable","13":"purchasable","14":"product-type-simple"},"_links":{"self":[{"href":"https:\/\/harly-tea.at\/de\/wp-json\/wp\/v2\/product\/3888","targetHints":{"allow":["GET"]}}],"collection":[{"href":"https:\/\/harly-tea.at\/de\/wp-json\/wp\/v2\/product"}],"about":[{"href":"https:\/\/harly-tea.at\/de\/wp-json\/wp\/v2\/types\/product"}],"wp:featuredmedia":[{"embeddable":true,"href":"https:\/\/harly-tea.at\/de\/wp-json\/wp\/v2\/media\/3889"}],"wp:attachment":[{"href":"https:\/\/harly-tea.at\/de\/wp-json\/wp\/v2\/media?parent=3888"}],"wp:term":[{"taxonomy":"product_brand","embeddable":true,"href":"https:\/\/harly-tea.at\/de\/wp-json\/wp\/v2\/product_brand?post=3888"},{"taxonomy":"product_cat","embeddable":true,"href":"https:\/\/harly-tea.at\/de\/wp-json\/wp\/v2\/product_cat?post=3888"},{"taxonomy":"product_tag","embeddable":true,"href":"https:\/\/harly-tea.at\/de\/wp-json\/wp\/v2\/product_tag?post=3888"}],"curies":[{"name":"wp","href":"https:\/\/api.w.org\/{rel}","templated":true}]}}