{"id":3891,"date":"2024-07-08T15:52:43","date_gmt":"2024-07-08T13:52:43","guid":{"rendered":"https:\/\/harly-tea.at\/?post_type=product&#038;p=3891"},"modified":"2024-12-15T11:21:05","modified_gmt":"2024-12-15T10:21:05","slug":"palace-cup-50ml","status":"publish","type":"product","link":"https:\/\/harly-tea.at\/de\/produkt\/palace-cup-50ml\/","title":{"rendered":"Palace Cup 50ml"},"content":{"rendered":"<p>Fein verarbeitet, perfekte Textur, gute Haltbarkeit<\/p>\n<p>mit kunstvollen Mustern auf der Oberfl\u00e4che, die Gl\u00fcck und Sch\u00f6nheit symbolisieren.<\/p>\n<p>Perfekte Porzellantasse f\u00fcr authentisches Teekultur-Erlebnis.<\/p>\n","protected":false},"excerpt":{"rendered":"<p>6.50 x 6.50 x 5.00cm<\/p>\n","protected":false},"featured_media":3892,"template":"","meta":[],"product_brand":[],"product_cat":[63,65],"product_tag":[],"class_list":{"0":"post-3891","1":"product","2":"type-product","3":"status-publish","4":"has-post-thumbnail","6":"product_cat-zubehoer","7":"product_cat-teekannen-tassen","9":"first","10":"outofstock","11":"taxable","12":"shipping-taxable","13":"purchasable","14":"product-type-simple"},"_links":{"self":[{"href":"https:\/\/harly-tea.at\/de\/wp-json\/wp\/v2\/product\/3891","targetHints":{"allow":["GET"]}}],"collection":[{"href":"https:\/\/harly-tea.at\/de\/wp-json\/wp\/v2\/product"}],"about":[{"href":"https:\/\/harly-tea.at\/de\/wp-json\/wp\/v2\/types\/product"}],"wp:featuredmedia":[{"embeddable":true,"href":"https:\/\/harly-tea.at\/de\/wp-json\/wp\/v2\/media\/3892"}],"wp:attachment":[{"href":"https:\/\/harly-tea.at\/de\/wp-json\/wp\/v2\/media?parent=3891"}],"wp:term":[{"taxonomy":"product_brand","embeddable":true,"href":"https:\/\/harly-tea.at\/de\/wp-json\/wp\/v2\/product_brand?post=3891"},{"taxonomy":"product_cat","embeddable":true,"href":"https:\/\/harly-tea.at\/de\/wp-json\/wp\/v2\/product_cat?post=3891"},{"taxonomy":"product_tag","embeddable":true,"href":"https:\/\/harly-tea.at\/de\/wp-json\/wp\/v2\/product_tag?post=3891"}],"curies":[{"name":"wp","href":"https:\/\/api.w.org\/{rel}","templated":true}]}}