{"id":3900,"date":"2024-07-08T17:26:34","date_gmt":"2024-07-08T15:26:34","guid":{"rendered":"https:\/\/harly-tea.at\/?post_type=product&#038;p=3900"},"modified":"2024-12-10T20:56:33","modified_gmt":"2024-12-10T19:56:33","slug":"jade-travel-tea-set","status":"publish","type":"product","link":"https:\/\/harly-tea.at\/de\/produkt\/jade-travel-tea-set\/","title":{"rendered":"Jade Travel Tea Set"},"content":{"rendered":"<p id=\"tw-target-text\" class=\"tw-data-text tw-text-large tw-ta\" dir=\"ltr\" data-placeholder=\"\u00dcbersetzung\" aria-label=\"\u00dcbersetzter Text\" data-ved=\"2ahUKEwih38bc3ZeHAxVOIxAIHTtGAMEQ3ewLegQIBRAU\"><span class=\"Y2IQFc\" lang=\"de\">Kompakt und leicht, perfekt f\u00fcr Teeliebhaber unterwegs. Sie k\u00f6nnen \u00fcberall in die Teekultur eintauchen.<\/span><\/p>\n","protected":false},"excerpt":{"rendered":"<p id=\"tw-target-text\" class=\"tw-data-text tw-text-large tw-ta\" dir=\"ltr\" data-placeholder=\"\u00dcbersetzung\" aria-label=\"\u00dcbersetzter Text\" data-ved=\"2ahUKEwih38bc3ZeHAxVOIxAIHTtGAMEQ3ewLegQIBRAU\"><span class=\"Y2IQFc\" lang=\"de\">1 x Gaiwan <\/span><\/p>\n<p class=\"tw-data-text tw-text-large tw-ta\" dir=\"ltr\" data-placeholder=\"\u00dcbersetzung\" aria-label=\"\u00dcbersetzter Text\" data-ved=\"2ahUKEwih38bc3ZeHAxVOIxAIHTtGAMEQ3ewLegQIBRAU\"><span class=\"Y2IQFc\" lang=\"de\">3 x Teetasse <\/span><\/p>\n<p class=\"tw-data-text tw-text-large tw-ta\" dir=\"ltr\" data-placeholder=\"\u00dcbersetzung\" aria-label=\"\u00dcbersetzter Text\" data-ved=\"2ahUKEwih38bc3ZeHAxVOIxAIHTtGAMEQ3ewLegQIBRAU\"><span class=\"Y2IQFc\" lang=\"de\">1 x Glasbeh\u00e4lter mit Filter <\/span><\/p>\n<p class=\"tw-data-text tw-text-large tw-ta\" dir=\"ltr\" data-placeholder=\"\u00dcbersetzung\" aria-label=\"\u00dcbersetzter Text\" data-ved=\"2ahUKEwih38bc3ZeHAxVOIxAIHTtGAMEQ3ewLegQIBRAU\"><span class=\"Y2IQFc\" lang=\"de\">1 x Handgep\u00e4cktasche<\/span><\/p>\n","protected":false},"featured_media":3901,"template":"","meta":[],"product_brand":[],"product_cat":[63,64],"product_tag":[],"class_list":{"0":"post-3900","1":"product","2":"type-product","3":"status-publish","4":"has-post-thumbnail","6":"product_cat-zubehoer","7":"product_cat-teezubereitung","9":"first","10":"outofstock","11":"taxable","12":"shipping-taxable","13":"purchasable","14":"product-type-simple"},"_links":{"self":[{"href":"https:\/\/harly-tea.at\/de\/wp-json\/wp\/v2\/product\/3900","targetHints":{"allow":["GET"]}}],"collection":[{"href":"https:\/\/harly-tea.at\/de\/wp-json\/wp\/v2\/product"}],"about":[{"href":"https:\/\/harly-tea.at\/de\/wp-json\/wp\/v2\/types\/product"}],"wp:featuredmedia":[{"embeddable":true,"href":"https:\/\/harly-tea.at\/de\/wp-json\/wp\/v2\/media\/3901"}],"wp:attachment":[{"href":"https:\/\/harly-tea.at\/de\/wp-json\/wp\/v2\/media?parent=3900"}],"wp:term":[{"taxonomy":"product_brand","embeddable":true,"href":"https:\/\/harly-tea.at\/de\/wp-json\/wp\/v2\/product_brand?post=3900"},{"taxonomy":"product_cat","embeddable":true,"href":"https:\/\/harly-tea.at\/de\/wp-json\/wp\/v2\/product_cat?post=3900"},{"taxonomy":"product_tag","embeddable":true,"href":"https:\/\/harly-tea.at\/de\/wp-json\/wp\/v2\/product_tag?post=3900"}],"curies":[{"name":"wp","href":"https:\/\/api.w.org\/{rel}","templated":true}]}}