{"id":3906,"date":"2024-07-15T21:11:35","date_gmt":"2024-07-15T19:11:35","guid":{"rendered":"https:\/\/harly-tea.at\/?post_type=product&#038;p=3906"},"modified":"2025-02-09T11:43:01","modified_gmt":"2025-02-09T10:43:01","slug":"erdbeere-rhabarber-aromatisierte-gruenteemischung-mit-weissem-tee","status":"publish","type":"product","link":"https:\/\/harly-tea.at\/de\/produkt\/erdbeere-rhabarber-aromatisierte-gruenteemischung-mit-weissem-tee\/","title":{"rendered":"Erdbeere Rhabarber &#8211; Aromatisierte Gr\u00fcnteemischung mit wei\u00dfem Tee"},"content":{"rendered":"<p>Aromatisierte Gr\u00fcnteemischung mit wei\u00dfem Tee<\/p>\n<p>Zutaten:\u00a0gr\u00fcner Tee (70 %), wei\u00dfer Tee (20 %), Aroma, gefr.-getr. Erdbeerst\u00fccke, gefr.-getr. Johannisbeeren, gefr.-getr. Himbeerst\u00fccke, gefr.-getr. Sauerkirschst\u00fccke, gefr.-getr. ganze Himbeeren<\/p>\n<div class=\"row mt-5\">\n   <div class=\"col-md-12 text-center\">\n      <h3>Zubereitungsempfehlung<\/h3>\n   <\/div>\n   <\/div><div class=\"row\">   <div class=\"col-md-4 wc-info-box\">\n      <i class=\"fa fa-3x fa-scale-balanced\"><\/i>\n      <h4>3 Gramm Tee pro 200ml<\/h4>\n      <\/div>   <div class=\"col-md-4 wc-info-box\">\n      <i class=\"fa fa-3x fa-temperature-full\"><\/i>\n      <h4>80\u00b0C Wassertemperatur<\/h4>\n      <\/div>   <div class=\"col-md-4 wc-info-box\">\n      <i class=\"fa fa-3x fa-clock\"><\/i>\n      <h4>3 Minuten Ziehzeit<\/h4>\n      <\/div><\/div>\n","protected":false},"excerpt":{"rendered":"<p>Aromatisierte Gr\u00fcnteemischung mit wei\u00dfem Tee Zutaten:\u00a0gr\u00fcner Tee (70 %), wei\u00dfer Tee (20 %), Aroma, gefr.-getr. Erdbeerst\u00fccke, gefr.-getr. Johannisbeeren, gefr.-getr. Himbeerst\u00fccke,<\/p>\n","protected":false},"featured_media":3907,"template":"","meta":[],"product_brand":[],"product_cat":[16,99],"product_tag":[],"class_list":{"0":"post-3906","1":"product","2":"type-product","3":"status-publish","4":"has-post-thumbnail","6":"product_cat-tee","7":"product_cat-aromatisierter-gruentee","9":"first","10":"instock","11":"taxable","12":"shipping-taxable","13":"purchasable","14":"product-type-simple"},"_links":{"self":[{"href":"https:\/\/harly-tea.at\/de\/wp-json\/wp\/v2\/product\/3906","targetHints":{"allow":["GET"]}}],"collection":[{"href":"https:\/\/harly-tea.at\/de\/wp-json\/wp\/v2\/product"}],"about":[{"href":"https:\/\/harly-tea.at\/de\/wp-json\/wp\/v2\/types\/product"}],"wp:featuredmedia":[{"embeddable":true,"href":"https:\/\/harly-tea.at\/de\/wp-json\/wp\/v2\/media\/3907"}],"wp:attachment":[{"href":"https:\/\/harly-tea.at\/de\/wp-json\/wp\/v2\/media?parent=3906"}],"wp:term":[{"taxonomy":"product_brand","embeddable":true,"href":"https:\/\/harly-tea.at\/de\/wp-json\/wp\/v2\/product_brand?post=3906"},{"taxonomy":"product_cat","embeddable":true,"href":"https:\/\/harly-tea.at\/de\/wp-json\/wp\/v2\/product_cat?post=3906"},{"taxonomy":"product_tag","embeddable":true,"href":"https:\/\/harly-tea.at\/de\/wp-json\/wp\/v2\/product_tag?post=3906"}],"curies":[{"name":"wp","href":"https:\/\/api.w.org\/{rel}","templated":true}]}}