{"id":3909,"date":"2024-07-15T21:36:22","date_gmt":"2024-07-15T19:36:22","guid":{"rendered":"https:\/\/harly-tea.at\/?post_type=product&#038;p=3909"},"modified":"2026-04-05T12:35:28","modified_gmt":"2026-04-05T10:35:28","slug":"oriental-beauty-100g","status":"publish","type":"product","link":"https:\/\/harly-tea.at\/de\/produkt\/oriental-beauty-100g\/","title":{"rendered":"Oriental Beauty &#8211; 50g"},"content":{"rendered":"<p>Ein intensives, blumiges\u00a0Bouquet und eine\u00a0hoch aromatische, sehr weiche Tasse wirken \u00fcberw\u00e4ltigend. Eine\u00a0leichte, brotige W\u00fcrze\u00a0und ein zarter Schmelz erg\u00e4nzen diesen au\u00dfergew\u00f6hnlichen Genuss. Ein Spitzentee f\u00fcr Kenner, dessen edler Geschmack lange am Gaumen verweilt. Diese einzigartige Kostbarkeit ist gepr\u00e4gt von hocharomatischer S\u00fc\u00dfe und\u00a0ausgepr\u00e4gter Blume.<\/p>\n<div class=\"row mt-5\">\n   <div class=\"col-md-12 text-center\">\n      <h3>Zubereitungsempfehlung<\/h3>\n   <\/div>\n   <\/div><div class=\"row\">   <div class=\"col-md-4 wc-info-box\">\n      <i class=\"fa fa-3x fa-scale-balanced\"><\/i>\n      <h4>5 Gramm Tee pro 200ml<\/h4>\n      <\/div>   <div class=\"col-md-4 wc-info-box\">\n      <i class=\"fa fa-3x fa-temperature-full\"><\/i>\n      <h4>90\u00b0C Wassertemperatur<\/h4>\n      <\/div>   <div class=\"col-md-4 wc-info-box\">\n      <i class=\"fa fa-3x fa-clock\"><\/i>\n      <h4>1-2 Minuten Ziehzeit<\/h4>\n      <\/div><\/div>\n","protected":false},"excerpt":{"rendered":"<p>Ein intensives, blumiges\u00a0Bouquet und eine\u00a0hoch aromatische, sehr weiche Tasse wirken \u00fcberw\u00e4ltigend. Eine\u00a0leichte, brotige W\u00fcrze\u00a0und ein zarter Schmelz erg\u00e4nzen diesen au\u00dfergew\u00f6hnlichen<\/p>\n","protected":false},"featured_media":3910,"template":"","meta":[],"product_brand":[],"product_cat":[16,95],"product_tag":[],"class_list":{"0":"post-3909","1":"product","2":"type-product","3":"status-publish","4":"has-post-thumbnail","6":"product_cat-tee","7":"product_cat-oolong-tee","9":"first","10":"instock","11":"taxable","12":"shipping-taxable","13":"purchasable","14":"product-type-simple"},"_links":{"self":[{"href":"https:\/\/harly-tea.at\/de\/wp-json\/wp\/v2\/product\/3909","targetHints":{"allow":["GET"]}}],"collection":[{"href":"https:\/\/harly-tea.at\/de\/wp-json\/wp\/v2\/product"}],"about":[{"href":"https:\/\/harly-tea.at\/de\/wp-json\/wp\/v2\/types\/product"}],"wp:featuredmedia":[{"embeddable":true,"href":"https:\/\/harly-tea.at\/de\/wp-json\/wp\/v2\/media\/3910"}],"wp:attachment":[{"href":"https:\/\/harly-tea.at\/de\/wp-json\/wp\/v2\/media?parent=3909"}],"wp:term":[{"taxonomy":"product_brand","embeddable":true,"href":"https:\/\/harly-tea.at\/de\/wp-json\/wp\/v2\/product_brand?post=3909"},{"taxonomy":"product_cat","embeddable":true,"href":"https:\/\/harly-tea.at\/de\/wp-json\/wp\/v2\/product_cat?post=3909"},{"taxonomy":"product_tag","embeddable":true,"href":"https:\/\/harly-tea.at\/de\/wp-json\/wp\/v2\/product_tag?post=3909"}],"curies":[{"name":"wp","href":"https:\/\/api.w.org\/{rel}","templated":true}]}}