{"id":4351,"date":"2025-10-16T11:17:00","date_gmt":"2025-10-16T09:17:00","guid":{"rendered":"https:\/\/harly-tea.at\/?post_type=product&#038;p=4351"},"modified":"2025-10-16T13:02:34","modified_gmt":"2025-10-16T11:02:34","slug":"gaba-ming-qian-jin-xuan-lu-cha","status":"publish","type":"product","link":"https:\/\/harly-tea.at\/de\/produkt\/gaba-ming-qian-jin-xuan-lu-cha\/","title":{"rendered":"GABA Ming Qian Jin Xuan Lu Cha"},"content":{"rendered":"<p>Dieser Gr\u00fcntee aus Mingjian im taiwanesischen Landkreis Nantau wurde Ende M\u00e4rz vor dem Qingming-Fest geerntet und im GABA-Verfahren verarbeitet. Unter den vielen Sorten wurde Jin Xuan \u91d1\u8431 (TRES #12) ausgew\u00e4hlt, das \u00fcblicherweise f\u00fcr Milch-Oolongs verwendet wird. Die Bl\u00e4tter dieses GABA-Gr\u00fcntees werden von Hand gepfl\u00fcckt, gewelkt und dann in die anaerobe Kammer Yan Yang Ji gelegt, die zur Herstellung von GABA-Tees verwendet wird. In der Kammer wird der Sauerstoff durch Stickstoff ersetzt und der Tee wird 12 Stunden darin belassen. Von diesem Zeitpunkt an folgt die Verarbeitung den \u00fcblichen Schritten bei der Verarbeitung von Gr\u00fcntee: R\u00f6sten, um die Oxidation zu stoppen, Formen und dann Trocknen in der Sonne. Der Tee wird dann in einem Trockner fertiggestellt, um Restfeuchtigkeit zu entfernen. Dieser GABA-Gr\u00fcntee erf\u00e4hrt im Vergleich zu GABA-Oolong nur eine minimale Oxidation, was zu einem viel leichteren, gr\u00fcneren Geschmack und Profil f\u00fchrt.<\/p>\n<div class=\"row mt-5\">\n   <div class=\"col-md-12 text-center\">\n      <h3>Zubereitungsempfehlung<\/h3>\n   <\/div>\n   <\/div><div class=\"row\">   <div class=\"col-md-4 wc-info-box\">\n      <i class=\"fa fa-3x fa-scale-balanced\"><\/i>\n      <h4>5 Gramm Tee pro 200ml<\/h4>\n      <\/div>   <div class=\"col-md-4 wc-info-box\">\n      <i class=\"fa fa-3x fa-temperature-full\"><\/i>\n      <h4>80\u00b0C Wassertemperatur<\/h4>\n      <\/div>   <div class=\"col-md-4 wc-info-box\">\n      <i class=\"fa fa-3x fa-clock\"><\/i>\n      <h4>1:30 Minuten Ziehzeit<\/h4>\n      <\/div><\/div>\n","protected":false},"excerpt":{"rendered":"<p>Dieser Gr\u00fcntee aus Mingjian im taiwanesischen Landkreis Nantau wurde Ende M\u00e4rz vor dem Qingming-Fest geerntet und im GABA-Verfahren verarbeitet. Unter<\/p>\n","protected":false},"featured_media":4757,"template":"","meta":[],"product_brand":[],"product_cat":[17,16],"product_tag":[],"class_list":{"0":"post-4351","1":"product","2":"type-product","3":"status-publish","4":"has-post-thumbnail","6":"product_cat-gruenertee","7":"product_cat-tee","9":"first","10":"instock","11":"taxable","12":"shipping-taxable","13":"purchasable","14":"product-type-simple"},"_links":{"self":[{"href":"https:\/\/harly-tea.at\/de\/wp-json\/wp\/v2\/product\/4351","targetHints":{"allow":["GET"]}}],"collection":[{"href":"https:\/\/harly-tea.at\/de\/wp-json\/wp\/v2\/product"}],"about":[{"href":"https:\/\/harly-tea.at\/de\/wp-json\/wp\/v2\/types\/product"}],"wp:featuredmedia":[{"embeddable":true,"href":"https:\/\/harly-tea.at\/de\/wp-json\/wp\/v2\/media\/4757"}],"wp:attachment":[{"href":"https:\/\/harly-tea.at\/de\/wp-json\/wp\/v2\/media?parent=4351"}],"wp:term":[{"taxonomy":"product_brand","embeddable":true,"href":"https:\/\/harly-tea.at\/de\/wp-json\/wp\/v2\/product_brand?post=4351"},{"taxonomy":"product_cat","embeddable":true,"href":"https:\/\/harly-tea.at\/de\/wp-json\/wp\/v2\/product_cat?post=4351"},{"taxonomy":"product_tag","embeddable":true,"href":"https:\/\/harly-tea.at\/de\/wp-json\/wp\/v2\/product_tag?post=4351"}],"curies":[{"name":"wp","href":"https:\/\/api.w.org\/{rel}","templated":true}]}}