{"id":4375,"date":"2025-03-09T16:28:04","date_gmt":"2025-03-09T15:28:04","guid":{"rendered":"https:\/\/harly-tea.at\/?post_type=product&#038;p=4375"},"modified":"2026-02-02T14:21:49","modified_gmt":"2026-02-02T13:21:49","slug":"2018-china-lu-zhuang-pu-erh-ca-100-g-sheng","status":"publish","type":"product","link":"https:\/\/harly-tea.at\/de\/produkt\/2018-china-lu-zhuang-pu-erh-ca-100-g-sheng\/","title":{"rendered":"2018 China Lu Zhuang Pu-Erh ca. 100 g &#8211; sheng"},"content":{"rendered":"<p>Pu Erh aus Yunnan<\/p>\n<p>Dieser Tee hat einen milden, frischen und fruchtigen Character und hat eine klare, hellgr\u00fcne Tasse. Das Teematerial ist besonders zart und aus dem Jahre 2018. Die Pressung ist dann in 2019 erfolgt und erm\u00f6glicht ein portionsgerechtes Abbrechen f\u00fcr Gaiwan oder Yixing.<\/p>\n<div class=\"row mt-5\">\n   <div class=\"col-md-12 text-center\">\n      <h3>Zubereitungsempfehlung<\/h3>\n   <\/div>\n   <\/div><div class=\"row\">   <div class=\"col-md-4 wc-info-box\">\n      <i class=\"fa fa-3x fa-scale-balanced\"><\/i>\n      <h4>1 st Tee pro 200ml<\/h4>\n      <\/div>   <div class=\"col-md-4 wc-info-box\">\n      <i class=\"fa fa-3x fa-temperature-full\"><\/i>\n      <h4>100\u00b0C Wassertemperatur<\/h4>\n      <\/div>   <div class=\"col-md-4 wc-info-box\">\n      <i class=\"fa fa-3x fa-clock\"><\/i>\n      <h4>0,5 Minuten Ziehzeit<\/h4>\n      <\/div><\/div>\n","protected":false},"excerpt":{"rendered":"<p>Pu Erh aus Yunnan Dieser Tee hat einen milden, frischen und fruchtigen Character und hat eine klare, hellgr\u00fcne Tasse. Das<\/p>\n","protected":false},"featured_media":4376,"template":"","meta":[],"product_brand":[],"product_cat":[16,209],"product_tag":[],"class_list":{"0":"post-4375","1":"product","2":"type-product","3":"status-publish","4":"has-post-thumbnail","6":"product_cat-tee","7":"product_cat-puerh","9":"first","10":"instock","11":"taxable","12":"shipping-taxable","13":"purchasable","14":"product-type-simple"},"_links":{"self":[{"href":"https:\/\/harly-tea.at\/de\/wp-json\/wp\/v2\/product\/4375","targetHints":{"allow":["GET"]}}],"collection":[{"href":"https:\/\/harly-tea.at\/de\/wp-json\/wp\/v2\/product"}],"about":[{"href":"https:\/\/harly-tea.at\/de\/wp-json\/wp\/v2\/types\/product"}],"wp:featuredmedia":[{"embeddable":true,"href":"https:\/\/harly-tea.at\/de\/wp-json\/wp\/v2\/media\/4376"}],"wp:attachment":[{"href":"https:\/\/harly-tea.at\/de\/wp-json\/wp\/v2\/media?parent=4375"}],"wp:term":[{"taxonomy":"product_brand","embeddable":true,"href":"https:\/\/harly-tea.at\/de\/wp-json\/wp\/v2\/product_brand?post=4375"},{"taxonomy":"product_cat","embeddable":true,"href":"https:\/\/harly-tea.at\/de\/wp-json\/wp\/v2\/product_cat?post=4375"},{"taxonomy":"product_tag","embeddable":true,"href":"https:\/\/harly-tea.at\/de\/wp-json\/wp\/v2\/product_tag?post=4375"}],"curies":[{"name":"wp","href":"https:\/\/api.w.org\/{rel}","templated":true}]}}