{"id":4383,"date":"2025-03-10T06:45:54","date_gmt":"2025-03-10T05:45:54","guid":{"rendered":"https:\/\/harly-tea.at\/?post_type=product&#038;p=4383"},"modified":"2025-10-15T22:00:05","modified_gmt":"2025-10-15T20:00:05","slug":"china-pu-erh-green-elephant-beeng-cha-100-g-sheng","status":"publish","type":"product","link":"https:\/\/harly-tea.at\/de\/produkt\/china-pu-erh-green-elephant-beeng-cha-100-g-sheng\/","title":{"rendered":"China Pu-Erh Green Elephant Beeng Cha 100 g &#8211; sheng"},"content":{"rendered":"<p>Pu Erh aus Yunnan<\/p>\n<p>Dieser Tee hat einen milden, s\u00fc\u00dflichen und langhaltenden Character und hat eine tr\u00fcbe, amberfarbige Tasse.<\/p>\n<p>Eine Hommage an ein wunderbares Ereignis. Im Fr\u00fchjahr des Jahres 2020 machten sich 16 Elefanten aus dem wilden &#8218;Elephant Valley&#8216; in Xishuangbanna auf in Richtung S\u00fcden, bis an die Grenze von Kunming. \u00dcber einen Bogen sind die Elefanten nun auf dem Heimweg. Es ist das erste Mal, dass eine neue Elefantenroute beobachtet wurde &#8211; in Erinnerung entstand nun diese gepresste Tee-Edition.<\/p>\n<div class=\"row mt-5\">\n   <div class=\"col-md-12 text-center\">\n      <h3>Zubereitungsempfehlung<\/h3>\n   <\/div>\n   <\/div><div class=\"row\">   <div class=\"col-md-4 wc-info-box\">\n      <i class=\"fa fa-3x fa-scale-balanced\"><\/i>\n      <h4>5-8 g Tee pro 200ml<\/h4>\n      <\/div>   <div class=\"col-md-4 wc-info-box\">\n      <i class=\"fa fa-3x fa-temperature-full\"><\/i>\n      <h4>100\u00b0C Wassertemperatur<\/h4>\n      <\/div>   <div class=\"col-md-4 wc-info-box\">\n      <i class=\"fa fa-3x fa-clock\"><\/i>\n      <h4>1 Minuten Ziehzeit<\/h4>\n      <\/div><\/div>\n","protected":false},"excerpt":{"rendered":"<p>Pu Erh aus Yunnan Dieser Tee hat einen milden, s\u00fc\u00dflichen und langhaltenden Character und hat eine tr\u00fcbe, amberfarbige Tasse. Eine<\/p>\n","protected":false},"featured_media":4384,"template":"","meta":[],"product_brand":[],"product_cat":[16,209],"product_tag":[],"class_list":{"0":"post-4383","1":"product","2":"type-product","3":"status-publish","4":"has-post-thumbnail","6":"product_cat-tee","7":"product_cat-puerh","9":"first","10":"outofstock","11":"taxable","12":"shipping-taxable","13":"purchasable","14":"product-type-simple"},"_links":{"self":[{"href":"https:\/\/harly-tea.at\/de\/wp-json\/wp\/v2\/product\/4383","targetHints":{"allow":["GET"]}}],"collection":[{"href":"https:\/\/harly-tea.at\/de\/wp-json\/wp\/v2\/product"}],"about":[{"href":"https:\/\/harly-tea.at\/de\/wp-json\/wp\/v2\/types\/product"}],"wp:featuredmedia":[{"embeddable":true,"href":"https:\/\/harly-tea.at\/de\/wp-json\/wp\/v2\/media\/4384"}],"wp:attachment":[{"href":"https:\/\/harly-tea.at\/de\/wp-json\/wp\/v2\/media?parent=4383"}],"wp:term":[{"taxonomy":"product_brand","embeddable":true,"href":"https:\/\/harly-tea.at\/de\/wp-json\/wp\/v2\/product_brand?post=4383"},{"taxonomy":"product_cat","embeddable":true,"href":"https:\/\/harly-tea.at\/de\/wp-json\/wp\/v2\/product_cat?post=4383"},{"taxonomy":"product_tag","embeddable":true,"href":"https:\/\/harly-tea.at\/de\/wp-json\/wp\/v2\/product_tag?post=4383"}],"curies":[{"name":"wp","href":"https:\/\/api.w.org\/{rel}","templated":true}]}}