{"id":4405,"date":"2025-03-13T13:59:15","date_gmt":"2025-03-13T12:59:15","guid":{"rendered":"https:\/\/harly-tea.at\/?post_type=product&#038;p=4405"},"modified":"2026-02-02T14:21:17","modified_gmt":"2026-02-02T13:21:17","slug":"bio-matcha-tekiro-keiko","status":"publish","type":"product","link":"https:\/\/harly-tea.at\/de\/produkt\/bio-matcha-tekiro-keiko\/","title":{"rendered":"Bio Matcha TEKIRO &#8211; Keiko"},"content":{"rendered":"<p><span class=\"lexicon-modal\">Bio Matcha<\/span>\u00a0Tekiro wird vor allem durch seinen frischen, leicht grasigen und fast schon lieblich-fruchtigen Geschmack ausgezeichnet. Eine zart-herbe Note findet sich hier zusammen mit einem intensiven Duft und jadegr\u00fcnem Schaum. Tekiro eignet sich vorz\u00fcglich f\u00fcr die d\u00fcnnfl\u00fcssige Zubereitung (Usucha).<\/p>\n<p>Um die wertvollen Aromen und Inhaltsstoffe des\u00a0<span class=\"lexicon-modal\">Matcha<\/span>\u00a0bestm\u00f6glich zu erhalten, bitten wir Sie, den\u00a0<span class=\"lexicon-modal\">Matcha<\/span>\u00a0gut zu verschlie\u00dfen und gek\u00fchlt und dunkel zu lagern.<\/p>\n<p><strong>Zubereitung:<\/strong><\/p>\n<p>Ein bis zwei Spatelspitzen oder einen kleinen, gestrichenen Teel\u00f6ffel (ca. 1 bis 1,5 g) Matcha in die vorgew\u00e4rmte, leere Matchaschale geben. Mit 70-100ml ca 80\u00b0 hei\u00dfem Wasser auff\u00fcllen und mit einem Matchabesen mit raschen Handbewegungen (wie um ein &#8222;M&#8220; in die Tasse zu malen) den Tee ca. 20 Sekunden lang aufschlagen, bis an der Oberfl\u00e4che ein feiner Schaum entsteht.<\/p>\n","protected":false},"excerpt":{"rendered":"<p>Bio Matcha\u00a0Tekiro wird vor allem durch seinen frischen, leicht grasigen und fast schon lieblich-fruchtigen Geschmack ausgezeichnet. Eine zart-herbe Note findet<\/p>\n","protected":false},"featured_media":4390,"template":"","meta":[],"product_brand":[],"product_cat":[62,16],"product_tag":[],"class_list":{"0":"post-4405","1":"product","2":"type-product","3":"status-publish","4":"has-post-thumbnail","6":"product_cat-matcha","7":"product_cat-tee","9":"first","10":"instock","11":"taxable","12":"shipping-taxable","13":"purchasable","14":"product-type-variable"},"_links":{"self":[{"href":"https:\/\/harly-tea.at\/de\/wp-json\/wp\/v2\/product\/4405","targetHints":{"allow":["GET"]}}],"collection":[{"href":"https:\/\/harly-tea.at\/de\/wp-json\/wp\/v2\/product"}],"about":[{"href":"https:\/\/harly-tea.at\/de\/wp-json\/wp\/v2\/types\/product"}],"wp:featuredmedia":[{"embeddable":true,"href":"https:\/\/harly-tea.at\/de\/wp-json\/wp\/v2\/media\/4390"}],"wp:attachment":[{"href":"https:\/\/harly-tea.at\/de\/wp-json\/wp\/v2\/media?parent=4405"}],"wp:term":[{"taxonomy":"product_brand","embeddable":true,"href":"https:\/\/harly-tea.at\/de\/wp-json\/wp\/v2\/product_brand?post=4405"},{"taxonomy":"product_cat","embeddable":true,"href":"https:\/\/harly-tea.at\/de\/wp-json\/wp\/v2\/product_cat?post=4405"},{"taxonomy":"product_tag","embeddable":true,"href":"https:\/\/harly-tea.at\/de\/wp-json\/wp\/v2\/product_tag?post=4405"}],"curies":[{"name":"wp","href":"https:\/\/api.w.org\/{rel}","templated":true}]}}