{"id":4415,"date":"2025-03-13T15:21:20","date_gmt":"2025-03-13T14:21:20","guid":{"rendered":"https:\/\/harly-tea.at\/?post_type=product&#038;p=4415"},"modified":"2026-04-28T12:50:42","modified_gmt":"2026-04-28T10:50:42","slug":"kabuse-pulver-no-1-bio-japan-halbschatten-teepulver","status":"publish","type":"product","link":"https:\/\/harly-tea.at\/de\/produkt\/kabuse-pulver-no-1-bio-japan-halbschatten-teepulver\/","title":{"rendered":"Kabuse Pulver No. 1 &#8211; Bio Japan Halbschatten Teepulver"},"content":{"rendered":"<div class=\"product-detail-description-text\">\n<p>Ein Pulvertee aus der 1. Pfl\u00fcckung im Mai. Sehr aromatisch mit edelbitterer Note. Empfehlenswert f\u00fcr leichte\u00a0<span class=\"lexicon-modal\">Matcha<\/span>\u00a0(Usucha) und ideal f\u00fcr Mixgetr\u00e4nke und Gr\u00fcnteecocktails.<\/p>\n<p><span class=\"lexicon-modal\">Kabuse-Pulver<\/span>\u00a0wird, anders als\u00a0<span class=\"lexicon-modal\">Matcha<\/span>, nicht aus\u00a0<span class=\"lexicon-modal\">Tencha<\/span>, sondern aus dem ganzen Teeblatt gewonnen. Die Teepflanzen f\u00fcr\u00a0<span class=\"lexicon-modal\">Kabuse-Pulver<\/span>\u00a0werden statt zu 90% zu 50% beschattet und wachsen so im Halbschatten heran.<\/p>\n<p>Durch die Vermahlung aus dem ganzen Blatt enth\u00e4lt das\u00a0<span class=\"lexicon-modal\">Kabuse-Pulver<\/span>\u00a0mehr Gerbstoffe als\u00a0<span class=\"lexicon-modal\">Matcha<\/span>\u00a0und hat einen kr\u00e4ftigeren Geschmack.<\/p>\n<p>Die kr\u00e4ftige gr\u00fcne Farbe und sein st\u00e4rkeres Aroma bringen den Gr\u00fcnteegeschmack voll zur Geltung.<br \/>\nEgal ob in Cocktails, Eis oder Milchshakes,\u00a0<span class=\"lexicon-modal\">Kabuse-Pulver<\/span>\u00a0sind die Allesk\u00f6nner.<\/p>\n<p>Um die wertvollen Aromen und Inhaltsstoffe des Pulvers bestm\u00f6glich zu erhalten, bitten wir Sie den die T\u00fcte gut zu verschlie\u00dfen und gek\u00fchlt und dunkel zu lagern.<\/p>\n<\/div>\n<div><\/div>\n<div>\n<p><strong>Zubereitung:<\/strong><\/p>\n<p>Ein bis zwei Spatelspitzen oder einen kleinen, gestrichenen Teel\u00f6ffel (ca. 1 bis 1,5 g) Matcha in die vorgew\u00e4rmte, leere Matchaschale geben. Mit 70-100ml ca 80\u00b0 hei\u00dfem Wasser auff\u00fcllen und mit einem Matchabesen mit raschen Handbewegungen (wie um ein &#8222;M&#8220; in die Tasse zu malen) den Tee ca. 20 Sekunden lang aufschlagen, bis an der Oberfl\u00e4che ein feiner Schaum entsteht.<\/p>\n<\/div>\n","protected":false},"excerpt":{"rendered":"<p>Ein Pulvertee aus der 1. Pfl\u00fcckung im Mai. Sehr aromatisch mit edelbitterer Note. Empfehlenswert f\u00fcr leichte\u00a0Matcha\u00a0(Usucha) und ideal f\u00fcr Mixgetr\u00e4nke<\/p>\n","protected":false},"featured_media":4418,"template":"","meta":[],"product_brand":[],"product_cat":[62,16],"product_tag":[],"class_list":{"0":"post-4415","1":"product","2":"type-product","3":"status-publish","4":"has-post-thumbnail","6":"product_cat-matcha","7":"product_cat-tee","9":"first","10":"outofstock","11":"taxable","12":"shipping-taxable","13":"purchasable","14":"product-type-simple"},"_links":{"self":[{"href":"https:\/\/harly-tea.at\/de\/wp-json\/wp\/v2\/product\/4415","targetHints":{"allow":["GET"]}}],"collection":[{"href":"https:\/\/harly-tea.at\/de\/wp-json\/wp\/v2\/product"}],"about":[{"href":"https:\/\/harly-tea.at\/de\/wp-json\/wp\/v2\/types\/product"}],"wp:featuredmedia":[{"embeddable":true,"href":"https:\/\/harly-tea.at\/de\/wp-json\/wp\/v2\/media\/4418"}],"wp:attachment":[{"href":"https:\/\/harly-tea.at\/de\/wp-json\/wp\/v2\/media?parent=4415"}],"wp:term":[{"taxonomy":"product_brand","embeddable":true,"href":"https:\/\/harly-tea.at\/de\/wp-json\/wp\/v2\/product_brand?post=4415"},{"taxonomy":"product_cat","embeddable":true,"href":"https:\/\/harly-tea.at\/de\/wp-json\/wp\/v2\/product_cat?post=4415"},{"taxonomy":"product_tag","embeddable":true,"href":"https:\/\/harly-tea.at\/de\/wp-json\/wp\/v2\/product_tag?post=4415"}],"curies":[{"name":"wp","href":"https:\/\/api.w.org\/{rel}","templated":true}]}}