{"id":4473,"date":"2025-03-22T16:44:35","date_gmt":"2025-03-22T15:44:35","guid":{"rendered":"https:\/\/harly-tea.at\/?post_type=product&#038;p=4473"},"modified":"2025-10-15T21:57:29","modified_gmt":"2025-10-15T19:57:29","slug":"tasting-box-erste-ernte-2025","status":"publish","type":"product","link":"https:\/\/harly-tea.at\/de\/produkt\/tasting-box-erste-ernte-2025\/","title":{"rendered":"Tasting Box &#8211; 2025 Erste Ernte"},"content":{"rendered":"<p class=\"cvGsUA direction-ltr align-start para-style-body\"><span class=\"OYPEnA font-feature-liga-off font-feature-clig-off font-feature-calt-off text-decoration-none text-strikethrough-none\">Diese Box bietet eine Auswahl frischer Tees aus der ersten Pfl\u00fcckung des Jahres. <\/span><\/p>\n<p class=\"cvGsUA direction-ltr align-start para-style-body\"><span class=\"OYPEnA font-feature-liga-off font-feature-clig-off font-feature-calt-off text-decoration-none text-strikethrough-none\">Tees der ersten Ernte gelten als besonders hochwertig: Sie zeichnen sich durch feine Aromen, hohe Frische und einen ausgewogenen Geschmack aus.<\/span><\/p>\n<p class=\"cvGsUA direction-ltr align-start para-style-body\"><span class=\"OYPEnA font-feature-liga-off font-feature-clig-off font-feature-calt-off text-decoration-none text-strikethrough-none\">Die Zusammenstellung l\u00e4dt dazu ein, unterschiedliche Teestile und Anbaugebiete zu entdecken. Ideal f\u00fcr alle, die ihren Geschmackssinn sch\u00e4rfen und aktuelle Qualit\u00e4ten direkt vergleichen m\u00f6chten.<\/span><\/p>\n<p class=\"cvGsUA direction-ltr align-start para-style-body\"><span class=\"OYPEnA font-feature-liga-off font-feature-clig-off font-feature-calt-off text-decoration-none text-strikethrough-none\">Nimm dir Zeit. Rieche. Schmecke. Entdecke.<\/span><\/p>\n","protected":false},"excerpt":{"rendered":"<p>INHALT:<\/p>\n<p class=\"cvGsUA direction-ltr align-justify para-style-body\"><span class=\"OYPEnA font-feature-liga-off font-feature-clig-off font-feature-calt-off text-decoration-none text-strikethrough-none\">1X20 gr. Kabuse Shincha, Japan<\/span><\/p>\n<p class=\"cvGsUA direction-ltr align-justify para-style-body\"><span class=\"OYPEnA font-feature-liga-off font-feature-clig-off font-feature-calt-off text-decoration-none text-strikethrough-none\">1X20 gr. Meng Ding Ganlu, China<\/span><\/p>\n<p class=\"cvGsUA direction-ltr align-justify para-style-body\"><span class=\"OYPEnA font-feature-liga-off font-feature-clig-off font-feature-calt-off text-decoration-none text-strikethrough-none\">1&#215;20 gr. Roasted Formosa Pouchong,<\/span> <span class=\"OYPEnA font-feature-liga-off font-feature-clig-off font-feature-calt-off text-decoration-none text-strikethrough-none\">Taiwan<\/span><\/p>\n<p class=\"cvGsUA direction-ltr align-justify para-style-body\"><span class=\"OYPEnA font-feature-liga-off font-feature-clig-off font-feature-calt-off text-decoration-none text-strikethrough-none\">1X20 gr. Maylivadi Black, T\u00fcrkei<\/span><\/p>\n<p class=\"cvGsUA direction-ltr align-justify para-style-body\"><span class=\"OYPEnA font-feature-liga-off font-feature-clig-off font-feature-calt-off text-decoration-none text-strikethrough-none\">1&#215;20 gr. Ruby 18, Taiwan<\/span><\/p>\n<p class=\"cvGsUA direction-ltr align-justify para-style-body\">\n","protected":false},"featured_media":4595,"template":"","meta":[],"product_brand":[],"product_cat":[67,71],"product_tag":[],"class_list":{"0":"post-4473","1":"product","2":"type-product","3":"status-publish","4":"has-post-thumbnail","6":"product_cat-geschenke","7":"product_cat-tee-kollektionen","9":"first","10":"outofstock","11":"taxable","12":"shipping-taxable","13":"purchasable","14":"product-type-simple"},"_links":{"self":[{"href":"https:\/\/harly-tea.at\/de\/wp-json\/wp\/v2\/product\/4473","targetHints":{"allow":["GET"]}}],"collection":[{"href":"https:\/\/harly-tea.at\/de\/wp-json\/wp\/v2\/product"}],"about":[{"href":"https:\/\/harly-tea.at\/de\/wp-json\/wp\/v2\/types\/product"}],"wp:featuredmedia":[{"embeddable":true,"href":"https:\/\/harly-tea.at\/de\/wp-json\/wp\/v2\/media\/4595"}],"wp:attachment":[{"href":"https:\/\/harly-tea.at\/de\/wp-json\/wp\/v2\/media?parent=4473"}],"wp:term":[{"taxonomy":"product_brand","embeddable":true,"href":"https:\/\/harly-tea.at\/de\/wp-json\/wp\/v2\/product_brand?post=4473"},{"taxonomy":"product_cat","embeddable":true,"href":"https:\/\/harly-tea.at\/de\/wp-json\/wp\/v2\/product_cat?post=4473"},{"taxonomy":"product_tag","embeddable":true,"href":"https:\/\/harly-tea.at\/de\/wp-json\/wp\/v2\/product_tag?post=4473"}],"curies":[{"name":"wp","href":"https:\/\/api.w.org\/{rel}","templated":true}]}}