{"id":4495,"date":"2025-04-13T08:58:10","date_gmt":"2025-04-13T06:58:10","guid":{"rendered":"https:\/\/harly-tea.at\/?post_type=product&#038;p=4495"},"modified":"2026-03-12T11:19:44","modified_gmt":"2026-03-12T10:19:44","slug":"japan-goishicha","status":"publish","type":"product","link":"https:\/\/harly-tea.at\/de\/produkt\/japan-goishicha\/","title":{"rendered":"Japan Goishicha 25 g"},"content":{"rendered":"<p>Goishicha \u7881\u77f3\u8336 ist ein seltener japanischer dunkler (nachfermentierter) Tee, der in der Stadt \u014ctoyo in der Pr\u00e4fektur Kochi hergestellt wird. Die Teebl\u00e4tter f\u00fcr diesen Tee wachsen in nat\u00fcrlicher und wilder Umgebung inmitten der Shikoku-Berge unter direkter Sonneneinstrahlung. Die Ernte findet von Mitte Juni bis Juli statt. Der Rohstoff stammt von wild wachsenden Teeb\u00fcschen in den Bergen. Der Name Goishicha liegt darin begr\u00fcndet, dass die zerkleinerten Quadrate den schwarzen Steinen des Brettspiels \u201eGo\u201c \u00e4hneln. Dieser Tee durchl\u00e4uft zwei Fermentationsschritte, einen mit Schimmelpilzen und einen mit Hilfe von Milchs\u00e4urebakterien.<\/p>\n<p>Der Tee ruht mehrere Jahre. Das Ergebnis ist ein s\u00fc\u00dfes und delikates Getr\u00e4nk ohne Adstringenz, aber mit einer angenehmen und ausgewogenen S\u00e4ure. Gro\u00dfe, trockene Teebl\u00e4tter sind dicht geschichtet und haben eine satte, dunkle, rotbraune Farbe. Ihr Aroma ist durchdringend und kr\u00e4ftig und erinnert an Salzlake, Pflaumen, Lakritz und Algen. Der Aufguss ist gelb-orange, rein und strahlend. In der Nase riechen Sie Noten von Zitrusschalen und Rosinen mit einer leichten Algen-Note. Der Geschmack ist s\u00e4uerlich-s\u00fc\u00df, entwickelt eine leichte Mineralit\u00e4t und hinterl\u00e4sst ein angenehm frisches Mundgef\u00fchl. Tee ist sehr wohlschmeckend, wird aber von den meisten Menschen vor allem wegen seiner umfassenden gesundheitlichen Vorteile konsumiert.<\/p>\n<p>Die Goishicha-Produktion beschr\u00e4nkt sich fast ausschlie\u00dflich auf die Gegend um die Stadt Ootoyo in der Pr\u00e4fektur K\u014dchi. Der genaue Zeitpunkt seiner Entstehung in Japan ist unbekannt, man geht jedoch davon aus, dass Goishicha erstmals im 18. Jahrhundert auftauchte. Obwohl historisch nicht best\u00e4tigt, deutet die \u00c4hnlichkeit mit fermentierten Tees ethnischer Minderheiten im S\u00fcdwesten Chinas, in Laos, Myanmar und Thailand darauf hin, dass das Wissen \u00fcber den Herstellungsprozess durch Kultur- und Handelsaustausch mit China und S\u00fcdostasien nach Japan gelangt sein k\u00f6nnte und die Tees somit bis in die Antike zur\u00fcckreichen.<\/p>\n<div class=\"row mt-5\">\n   <div class=\"col-md-12 text-center\">\n      <h3>Zubereitungsempfehlung<\/h3>\n   <\/div>\n   <\/div><div class=\"row\">   <div class=\"col-md-4 wc-info-box\">\n      <i class=\"fa fa-3x fa-scale-balanced\"><\/i>\n      <h4>5 g Tee pro 200ml<\/h4>\n      <\/div>   <div class=\"col-md-4 wc-info-box\">\n      <i class=\"fa fa-3x fa-temperature-full\"><\/i>\n      <h4>85\u00b0C Wassertemperatur<\/h4>\n      <\/div>   <div class=\"col-md-4 wc-info-box\">\n      <i class=\"fa fa-3x fa-clock\"><\/i>\n      <h4>1:30 Minuten Ziehzeit<\/h4>\n      <\/div><\/div>\n","protected":false},"excerpt":{"rendered":"<p>Goishicha \u7881\u77f3\u8336 ist ein seltener japanischer dunkler (nachfermentierter) Tee, der in der Stadt \u014ctoyo in der Pr\u00e4fektur Kochi hergestellt wird.<\/p>\n","protected":false},"featured_media":4496,"template":"","meta":[],"product_brand":[],"product_cat":[16],"product_tag":[],"class_list":{"0":"post-4495","1":"product","2":"type-product","3":"status-publish","4":"has-post-thumbnail","6":"product_cat-tee","8":"first","9":"outofstock","10":"taxable","11":"shipping-taxable","12":"purchasable","13":"product-type-simple"},"_links":{"self":[{"href":"https:\/\/harly-tea.at\/de\/wp-json\/wp\/v2\/product\/4495","targetHints":{"allow":["GET"]}}],"collection":[{"href":"https:\/\/harly-tea.at\/de\/wp-json\/wp\/v2\/product"}],"about":[{"href":"https:\/\/harly-tea.at\/de\/wp-json\/wp\/v2\/types\/product"}],"wp:featuredmedia":[{"embeddable":true,"href":"https:\/\/harly-tea.at\/de\/wp-json\/wp\/v2\/media\/4496"}],"wp:attachment":[{"href":"https:\/\/harly-tea.at\/de\/wp-json\/wp\/v2\/media?parent=4495"}],"wp:term":[{"taxonomy":"product_brand","embeddable":true,"href":"https:\/\/harly-tea.at\/de\/wp-json\/wp\/v2\/product_brand?post=4495"},{"taxonomy":"product_cat","embeddable":true,"href":"https:\/\/harly-tea.at\/de\/wp-json\/wp\/v2\/product_cat?post=4495"},{"taxonomy":"product_tag","embeddable":true,"href":"https:\/\/harly-tea.at\/de\/wp-json\/wp\/v2\/product_tag?post=4495"}],"curies":[{"name":"wp","href":"https:\/\/api.w.org\/{rel}","templated":true}]}}