{"id":4500,"date":"2025-04-13T08:57:04","date_gmt":"2025-04-13T06:57:04","guid":{"rendered":"https:\/\/harly-tea.at\/?post_type=product&#038;p=4500"},"modified":"2026-02-02T14:19:42","modified_gmt":"2026-02-02T13:19:42","slug":"china-pu-erh-zheng-white-peacock-brick-5x30g","status":"publish","type":"product","link":"https:\/\/harly-tea.at\/de\/produkt\/china-pu-erh-zheng-white-peacock-brick-5x30g\/","title":{"rendered":"China Pu Erh Zheng White Peacock Brick (5x30g)"},"content":{"rendered":"<p>Original wei\u00dfer Tee, gewonnen aus dem Cultivar Da Bai Hao aus Fujian. Die klimatischen Bedingungen in Yunnan erlauben eine nat\u00fcrliche Fermentierung, die \u00fcber 30 Tage andauert. Nach dem Pressen lagert der Tee ein weiteres Jahr, um das Aroma auszubilden. Der Pfau, typisch f\u00fcr die Gegend, beschreibt wunderbar die Grazie dieses Tees, der sich durch Lagerung stetig verbessert.<\/p>\n<p>Br\u00e4unlich, lebendig buntes und gr\u00f6\u00dferes Blatt, flach gepresst. In der Tasse \u00fcberzeugt der Tee durch eine klare, honigfarbene Goldf\u00e4rbung mit viel Tiefe und er schmeckt weich und fruchtig.<\/p>\n<div class=\"row mt-5\">\n   <div class=\"col-md-12 text-center\">\n      <h3>Zubereitungsempfehlung<\/h3>\n   <\/div>\n   <\/div><div class=\"row\">   <div class=\"col-md-4 wc-info-box\">\n      <i class=\"fa fa-3x fa-scale-balanced\"><\/i>\n      <h4>5-8 g Tee pro 200ml<\/h4>\n      <\/div>   <div class=\"col-md-4 wc-info-box\">\n      <i class=\"fa fa-3x fa-temperature-full\"><\/i>\n      <h4>85\u00b0C Wassertemperatur<\/h4>\n      <\/div>   <div class=\"col-md-4 wc-info-box\">\n      <i class=\"fa fa-3x fa-clock\"><\/i>\n      <h4>1:30 Minuten Ziehzeit<\/h4>\n      <\/div><\/div>\n","protected":false},"excerpt":{"rendered":"<p>Original wei\u00dfer Tee, gewonnen aus dem Cultivar Da Bai Hao aus Fujian. Die klimatischen Bedingungen in Yunnan erlauben eine nat\u00fcrliche<\/p>\n","protected":false},"featured_media":4503,"template":"","meta":[],"product_brand":[],"product_cat":[209,16],"product_tag":[],"class_list":{"0":"post-4500","1":"product","2":"type-product","3":"status-publish","4":"has-post-thumbnail","6":"product_cat-puerh","7":"product_cat-tee","9":"first","10":"instock","11":"taxable","12":"shipping-taxable","13":"purchasable","14":"product-type-simple"},"_links":{"self":[{"href":"https:\/\/harly-tea.at\/de\/wp-json\/wp\/v2\/product\/4500","targetHints":{"allow":["GET"]}}],"collection":[{"href":"https:\/\/harly-tea.at\/de\/wp-json\/wp\/v2\/product"}],"about":[{"href":"https:\/\/harly-tea.at\/de\/wp-json\/wp\/v2\/types\/product"}],"wp:featuredmedia":[{"embeddable":true,"href":"https:\/\/harly-tea.at\/de\/wp-json\/wp\/v2\/media\/4503"}],"wp:attachment":[{"href":"https:\/\/harly-tea.at\/de\/wp-json\/wp\/v2\/media?parent=4500"}],"wp:term":[{"taxonomy":"product_brand","embeddable":true,"href":"https:\/\/harly-tea.at\/de\/wp-json\/wp\/v2\/product_brand?post=4500"},{"taxonomy":"product_cat","embeddable":true,"href":"https:\/\/harly-tea.at\/de\/wp-json\/wp\/v2\/product_cat?post=4500"},{"taxonomy":"product_tag","embeddable":true,"href":"https:\/\/harly-tea.at\/de\/wp-json\/wp\/v2\/product_tag?post=4500"}],"curies":[{"name":"wp","href":"https:\/\/api.w.org\/{rel}","templated":true}]}}