{"id":4602,"date":"2025-07-02T21:37:21","date_gmt":"2025-07-02T19:37:21","guid":{"rendered":"https:\/\/harly-tea.at\/?post_type=product&#038;p=4602"},"modified":"2025-10-15T21:57:15","modified_gmt":"2025-10-15T19:57:15","slug":"tasting-box-taiwan","status":"publish","type":"product","link":"https:\/\/harly-tea.at\/de\/produkt\/tasting-box-taiwan\/","title":{"rendered":"Tasting Box &#8211; Taiwan Selection"},"content":{"rendered":"<p class=\"cvGsUA direction-ltr align-start para-style-body\"><span class=\"OYPEnA font-feature-liga-off font-feature-clig-off font-feature-calt-off text-decoration-none text-strikethrough-none\">Taiwan ist eines der wichtigsten Teel\u00e4nder dieser Welt. Neben weltber\u00fchmter Oolongs werden auf dieser Insel aber auch exzellente Gr\u00fcn- und Schwarztees produziert.<\/span><\/p>\n<p class=\"cvGsUA direction-ltr align-start para-style-body\"><span class=\"OYPEnA font-feature-liga-off font-feature-clig-off font-feature-calt-off text-decoration-none text-strikethrough-none\">Wir laden Sie hiermit auf eine kleine Entdeckungs-reise ein und stellen Ihnen unsere Favoriten des Jahres 2024 vor. Geniessen und entdecken Sie die Vielfalt taiwanesischer Tees \u2013 idealerweise in einem Gaiwan (kleine Teekanne) mit vielen Aufg\u00fcssen.<\/span><\/p>\n","protected":false},"excerpt":{"rendered":"<p>INHALT:<\/p>\n<p class=\"cvGsUA direction-ltr align-justify para-style-body\"><span class=\"OYPEnA font-feature-liga-off font-feature-clig-off font-feature-calt-off text-decoration-none text-strikethrough-none\">1&#215;20 gr. Formosa Pouchong &#8211; Gr\u00fcntee<\/span><\/p>\n<p class=\"cvGsUA direction-ltr align-justify para-style-body\"><span class=\"OYPEnA font-feature-liga-off font-feature-clig-off font-feature-calt-off text-decoration-none text-strikethrough-none\">1X10 gr. Gaba Ming Qian &#8211; Gr\u00fcntee<\/span><\/p>\n<p class=\"cvGsUA direction-ltr align-justify para-style-body\"><span class=\"OYPEnA font-feature-liga-off font-feature-clig-off font-feature-calt-off text-decoration-none text-strikethrough-none\">1&#215;20 gr. Oriental Beauty &#8211; Oolong<\/span><\/p>\n<p class=\"cvGsUA direction-ltr align-justify para-style-body\"><span class=\"OYPEnA font-feature-liga-off font-feature-clig-off font-feature-calt-off text-decoration-none text-strikethrough-none\">1X20 gr. Jing Xuan Nai Xiang &#8211; Oolong<\/span><\/p>\n<p class=\"cvGsUA direction-ltr align-justify para-style-body\"><span class=\"OYPEnA font-feature-liga-off font-feature-clig-off font-feature-calt-off text-decoration-none text-strikethrough-none\">1X20 gr. Honey Flavor Black &#8211; Schwarztee<\/span><\/p>\n<p class=\"cvGsUA direction-ltr align-justify para-style-body\">\n<p class=\"cvGsUA direction-ltr align-justify para-style-body\">\n","protected":false},"featured_media":4468,"template":"","meta":[],"product_brand":[],"product_cat":[67,71],"product_tag":[],"class_list":{"0":"post-4602","1":"product","2":"type-product","3":"status-publish","4":"has-post-thumbnail","6":"product_cat-geschenke","7":"product_cat-tee-kollektionen","9":"first","10":"outofstock","11":"taxable","12":"shipping-taxable","13":"purchasable","14":"product-type-simple"},"_links":{"self":[{"href":"https:\/\/harly-tea.at\/de\/wp-json\/wp\/v2\/product\/4602","targetHints":{"allow":["GET"]}}],"collection":[{"href":"https:\/\/harly-tea.at\/de\/wp-json\/wp\/v2\/product"}],"about":[{"href":"https:\/\/harly-tea.at\/de\/wp-json\/wp\/v2\/types\/product"}],"wp:featuredmedia":[{"embeddable":true,"href":"https:\/\/harly-tea.at\/de\/wp-json\/wp\/v2\/media\/4468"}],"wp:attachment":[{"href":"https:\/\/harly-tea.at\/de\/wp-json\/wp\/v2\/media?parent=4602"}],"wp:term":[{"taxonomy":"product_brand","embeddable":true,"href":"https:\/\/harly-tea.at\/de\/wp-json\/wp\/v2\/product_brand?post=4602"},{"taxonomy":"product_cat","embeddable":true,"href":"https:\/\/harly-tea.at\/de\/wp-json\/wp\/v2\/product_cat?post=4602"},{"taxonomy":"product_tag","embeddable":true,"href":"https:\/\/harly-tea.at\/de\/wp-json\/wp\/v2\/product_tag?post=4602"}],"curies":[{"name":"wp","href":"https:\/\/api.w.org\/{rel}","templated":true}]}}