{"id":4628,"date":"2025-08-06T12:51:45","date_gmt":"2025-08-06T10:51:45","guid":{"rendered":"https:\/\/harly-tea.at\/?post_type=product&#038;p=4628"},"modified":"2026-03-16T14:15:58","modified_gmt":"2026-03-16T13:15:58","slug":"five","status":"publish","type":"product","link":"https:\/\/harly-tea.at\/de\/produkt\/five\/","title":{"rendered":"2019 Five Elements Menghai Old Tree Shu PuErh 200g"},"content":{"rendered":"<p>Dieser F\u00fcnf-Elemente-Teekuchen ist eine raffinierte Mischung reifer Pu-Erh-Tees aus der Region Menghai, die zusammen ein ausgewogenes und harmonisches Ganzes bilden. Die Geschmacksnoten sind weich und s\u00fc\u00df, mit einem bitters\u00fc\u00dfen Charakter, der an dunkle Schokolade erinnert. Die Bitterkeit selbst ist kaum wahrnehmbar, bildet aber einen Kontrapunkt zum s\u00fc\u00dfen, samtigen Geschmack mit Noten von getrockneten Kirschen und Vanille. Bei diesem Tee wird man das Gef\u00fchl nicht los, dass er langsam und harmonisch durch den Mund flie\u00dft.<\/p>\n<p>Nach der Ernte im Fr\u00fchjahr 2019 wurden die Teebl\u00e4tter in einer kleinen Fabrik in der Stadt Menghai fachm\u00e4nnisch nass gestapelt. Dank einer sorgf\u00e4ltig kontrollierten Fermentation entwickeln sich Geschmack und Aroma \u00fcber die Jahre, und Sie k\u00f6nnen den Kuchen sofort trinken oder jahrzehntelang reifen lassen. Dieser Tee hat einen einzigartigen, fein ausgewogenen Charakter und ist definitiv ein Kandidat f\u00fcr einen der genussvollsten reifen Pu-Erh-Tees in Ihrer Sammlung.<\/p>\n<div class=\"row mt-5\">\n   <div class=\"col-md-12 text-center\">\n      <h3>Zubereitungsempfehlung<\/h3>\n   <\/div>\n   <\/div><div class=\"row\">   <div class=\"col-md-4 wc-info-box\">\n      <i class=\"fa fa-3x fa-scale-balanced\"><\/i>\n      <h4>5 Gramm Tee pro 200ml<\/h4>\n      <\/div>   <div class=\"col-md-4 wc-info-box\">\n      <i class=\"fa fa-3x fa-temperature-full\"><\/i>\n      <h4>90\u00b0C Wassertemperatur<\/h4>\n      <\/div>   <div class=\"col-md-4 wc-info-box\">\n      <i class=\"fa fa-3x fa-clock\"><\/i>\n      <h4>30 Sek. Minuten Ziehzeit<\/h4>\n      <\/div><\/div>\n","protected":false},"excerpt":{"rendered":"<p>Dieser F\u00fcnf-Elemente-Teekuchen ist eine raffinierte Mischung reifer Pu-Erh-Tees aus der Region Menghai, die zusammen ein ausgewogenes und harmonisches Ganzes bilden.<\/p>\n","protected":false},"featured_media":5132,"template":"","meta":[],"product_brand":[],"product_cat":[209,16],"product_tag":[],"class_list":{"0":"post-4628","1":"product","2":"type-product","3":"status-publish","4":"has-post-thumbnail","6":"product_cat-puerh","7":"product_cat-tee","9":"first","10":"instock","11":"taxable","12":"shipping-taxable","13":"purchasable","14":"product-type-simple"},"_links":{"self":[{"href":"https:\/\/harly-tea.at\/de\/wp-json\/wp\/v2\/product\/4628","targetHints":{"allow":["GET"]}}],"collection":[{"href":"https:\/\/harly-tea.at\/de\/wp-json\/wp\/v2\/product"}],"about":[{"href":"https:\/\/harly-tea.at\/de\/wp-json\/wp\/v2\/types\/product"}],"wp:featuredmedia":[{"embeddable":true,"href":"https:\/\/harly-tea.at\/de\/wp-json\/wp\/v2\/media\/5132"}],"wp:attachment":[{"href":"https:\/\/harly-tea.at\/de\/wp-json\/wp\/v2\/media?parent=4628"}],"wp:term":[{"taxonomy":"product_brand","embeddable":true,"href":"https:\/\/harly-tea.at\/de\/wp-json\/wp\/v2\/product_brand?post=4628"},{"taxonomy":"product_cat","embeddable":true,"href":"https:\/\/harly-tea.at\/de\/wp-json\/wp\/v2\/product_cat?post=4628"},{"taxonomy":"product_tag","embeddable":true,"href":"https:\/\/harly-tea.at\/de\/wp-json\/wp\/v2\/product_tag?post=4628"}],"curies":[{"name":"wp","href":"https:\/\/api.w.org\/{rel}","templated":true}]}}