{"id":4634,"date":"2025-08-07T17:43:33","date_gmt":"2025-08-07T15:43:33","guid":{"rendered":"https:\/\/harly-tea.at\/?post_type=product&#038;p=4634"},"modified":"2025-09-07T18:00:25","modified_gmt":"2025-09-07T16:00:25","slug":"suedkorea-traditionelle-teeproduktion-im-21-jahrhundert-mit-doris-garn-soup-connection","status":"publish","type":"product","link":"https:\/\/harly-tea.at\/de\/produkt\/suedkorea-traditionelle-teeproduktion-im-21-jahrhundert-mit-doris-garn-soup-connection\/","title":{"rendered":"S\u00dcDKOREA Traditionelle Teeproduktion im 21. Jahrhundert mit Doris Garn &#8211; Soup Connection"},"content":{"rendered":"<p>Doris Garn von <em>Soup Connection<\/em> f\u00fchrt uns durch eine spannende und aromatische Reise.<\/p>\n<p><span data-olk-copy-source=\"MessageBody\">Wir laden Sie ein, mit uns eine Auswahl an koreanischen Teespezialit\u00e4ten, die nach traditionell koreanischer Art hergestellt werden, zu verkosten und mehr \u00fcber ihre Herstellung zu erfahren. <\/span><\/p>\n<p><span data-olk-copy-source=\"MessageBody\">Dabei entdecken Sie sowohl bew\u00e4hrte Klassiker als auch innovative Interpretationen eines Teespektrums, das hierzulande vielleicht noch wenig bekannt ist. Erfahren Sie, was es mit den ungew\u00f6hnlichen Formen, wie B\u00e4llen und M\u00fcnzen, auf sich hat. <\/span><\/p>\n<p><span data-olk-copy-source=\"MessageBody\">Tauchen Sie mit uns ein in die faszinierende Welt der Herstellung und des Geschmacks dieser fast vergessenen koreanischen Spezialit\u00e4ten! Lassen Sie sich von deren Geschmack begeistern!<\/span><\/p>\n","protected":false},"excerpt":{"rendered":"<p>04.09.2025\u00a0 18:00 Uhr<\/p>\n","protected":false},"featured_media":4646,"template":"","meta":[],"product_brand":[],"product_cat":[167,168],"product_tag":[],"class_list":{"0":"post-4634","1":"product","2":"type-product","3":"status-publish","4":"has-post-thumbnail","6":"product_cat-events","7":"product_cat-seminare","9":"first","10":"outofstock","11":"taxable","12":"shipping-taxable","13":"purchasable","14":"product-type-simple"},"_links":{"self":[{"href":"https:\/\/harly-tea.at\/de\/wp-json\/wp\/v2\/product\/4634","targetHints":{"allow":["GET"]}}],"collection":[{"href":"https:\/\/harly-tea.at\/de\/wp-json\/wp\/v2\/product"}],"about":[{"href":"https:\/\/harly-tea.at\/de\/wp-json\/wp\/v2\/types\/product"}],"wp:featuredmedia":[{"embeddable":true,"href":"https:\/\/harly-tea.at\/de\/wp-json\/wp\/v2\/media\/4646"}],"wp:attachment":[{"href":"https:\/\/harly-tea.at\/de\/wp-json\/wp\/v2\/media?parent=4634"}],"wp:term":[{"taxonomy":"product_brand","embeddable":true,"href":"https:\/\/harly-tea.at\/de\/wp-json\/wp\/v2\/product_brand?post=4634"},{"taxonomy":"product_cat","embeddable":true,"href":"https:\/\/harly-tea.at\/de\/wp-json\/wp\/v2\/product_cat?post=4634"},{"taxonomy":"product_tag","embeddable":true,"href":"https:\/\/harly-tea.at\/de\/wp-json\/wp\/v2\/product_tag?post=4634"}],"curies":[{"name":"wp","href":"https:\/\/api.w.org\/{rel}","templated":true}]}}