{"id":4683,"date":"2025-08-25T14:02:34","date_gmt":"2025-08-25T12:02:34","guid":{"rendered":"https:\/\/harly-tea.at\/?post_type=product&#038;p=4683"},"modified":"2025-08-25T14:02:35","modified_gmt":"2025-08-25T12:02:35","slug":"matcha-schale-mit-ausguss-350-ml","status":"publish","type":"product","link":"https:\/\/harly-tea.at\/de\/produkt\/matcha-schale-mit-ausguss-350-ml\/","title":{"rendered":"Matcha Schale mit Ausguss 350 ml"},"content":{"rendered":"<p>Die hochwertige Porzellan-Matcha-Schale\u00a0ist ideal f\u00fcr die traditionelle Zubereitung von Matcha-Tee. Dank praktischem Ausguss l\u00e4sst sich der Tee sauber und tropffrei in andere Schalen oder Gl\u00e4ser umf\u00fcllen. Robust, pflegeleicht und sp\u00fclmaschinengeeignet \u2013 die perfekte Wahl f\u00fcr alle, die eine funktionale und elegante Matcha-Schale kaufen m\u00f6chten.<\/p>\n","protected":false},"excerpt":{"rendered":"<p>Die hochwertige Porzellan-Matcha-Schale\u00a0ist ideal f\u00fcr die traditionelle Zubereitung von Matcha-Tee. Dank praktischem Ausguss l\u00e4sst sich der Tee sauber und tropffrei<\/p>\n","protected":false},"featured_media":4684,"template":"","meta":[],"product_brand":[],"product_cat":[63,64],"product_tag":[],"class_list":{"0":"post-4683","1":"product","2":"type-product","3":"status-publish","4":"has-post-thumbnail","6":"product_cat-zubehoer","7":"product_cat-teezubereitung","9":"first","10":"instock","11":"taxable","12":"shipping-taxable","13":"purchasable","14":"product-type-simple"},"_links":{"self":[{"href":"https:\/\/harly-tea.at\/de\/wp-json\/wp\/v2\/product\/4683","targetHints":{"allow":["GET"]}}],"collection":[{"href":"https:\/\/harly-tea.at\/de\/wp-json\/wp\/v2\/product"}],"about":[{"href":"https:\/\/harly-tea.at\/de\/wp-json\/wp\/v2\/types\/product"}],"wp:featuredmedia":[{"embeddable":true,"href":"https:\/\/harly-tea.at\/de\/wp-json\/wp\/v2\/media\/4684"}],"wp:attachment":[{"href":"https:\/\/harly-tea.at\/de\/wp-json\/wp\/v2\/media?parent=4683"}],"wp:term":[{"taxonomy":"product_brand","embeddable":true,"href":"https:\/\/harly-tea.at\/de\/wp-json\/wp\/v2\/product_brand?post=4683"},{"taxonomy":"product_cat","embeddable":true,"href":"https:\/\/harly-tea.at\/de\/wp-json\/wp\/v2\/product_cat?post=4683"},{"taxonomy":"product_tag","embeddable":true,"href":"https:\/\/harly-tea.at\/de\/wp-json\/wp\/v2\/product_tag?post=4683"}],"curies":[{"name":"wp","href":"https:\/\/api.w.org\/{rel}","templated":true}]}}