{"id":4760,"date":"2025-10-16T11:50:58","date_gmt":"2025-10-16T09:50:58","guid":{"rendered":"https:\/\/harly-tea.at\/?post_type=product&#038;p=4760"},"modified":"2025-10-16T12:34:53","modified_gmt":"2025-10-16T10:34:53","slug":"taiwan-charcoal-baked-dong-ding","status":"publish","type":"product","link":"https:\/\/harly-tea.at\/de\/produkt\/taiwan-charcoal-baked-dong-ding\/","title":{"rendered":"Taiwan Charcoal Baked Dong Ding (competition grade) 100g"},"content":{"rendered":"<div class=\"relative basis-auto flex-col -mb-(--composer-overlap-px) [--composer-overlap-px:28px] grow flex overflow-hidden\">\n<div class=\"relative h-full\">\n<div class=\"flex h-full flex-col overflow-y-auto thread-xl:pt-(--header-height) [scrollbar-gutter:stable_both-edges]\">\n<div class=\"flex flex-col text-sm thread-xl:pt-header-height pb-25\">\n<article class=\"text-token-text-primary w-full focus:outline-none [--shadow-height:45px] has-data-writing-block:pointer-events-none has-data-writing-block:-mt-(--shadow-height) has-data-writing-block:pt-(--shadow-height) [&amp;:has([data-writing-block])&gt;*]:pointer-events-auto [content-visibility:auto] supports-[content-visibility:auto]:[contain-intrinsic-size:auto_100lvh] scroll-mt-[calc(var(--header-height)+min(200px,max(70px,20svh)))]\" dir=\"auto\" tabindex=\"-1\" data-turn-id=\"request-WEB:038820e0-4e6c-435a-a09e-9ada2d4acb65-1\" data-testid=\"conversation-turn-4\" data-scroll-anchor=\"true\" data-turn=\"assistant\">\n<div class=\"text-base my-auto mx-auto pb-10 [--thread-content-margin:--spacing(4)] thread-sm:[--thread-content-margin:--spacing(6)] thread-lg:[--thread-content-margin:--spacing(16)] px-(--thread-content-margin)\">\n<div class=\"[--thread-content-max-width:40rem] thread-lg:[--thread-content-max-width:48rem] mx-auto max-w-(--thread-content-max-width) flex-1 group\/turn-messages focus-visible:outline-hidden relative flex w-full min-w-0 flex-col agent-turn\" tabindex=\"-1\">\n<div class=\"flex max-w-full flex-col grow\">\n<div class=\"min-h-8 text-message relative flex w-full flex-col items-end gap-2 text-start break-words whitespace-normal [.text-message+&amp;]:mt-1\" dir=\"auto\" data-message-author-role=\"assistant\" data-message-id=\"f709d402-471d-462b-93ad-d7806c13337d\" data-message-model-slug=\"gpt-5\">\n<div class=\"flex w-full flex-col gap-1 empty:hidden first:pt-[1px]\">\n<div class=\"markdown prose dark:prose-invert w-full break-words light markdown-new-styling\">\n<p data-start=\"0\" data-end=\"335\">Der Competition-Grade Dong Ding Jin Xuan Oolong ist ein Tee der Premiumklasse aus der renommierten Teeanbauregion Lugu, Landkreis Nantou (Taiwan). Er wird aus handgepfl\u00fcckten Bl\u00e4ttern des Jin-Xuan-Kultivars (TRES Nr. 12) gefertigt und gilt als klassisches Referenzbeispiel f\u00fcr traditionellen Dong Ding Oolong.<\/p>\n<p data-start=\"337\" data-end=\"583\">Die sorgf\u00e4ltig ger\u00f6steten, dunkel oxidierten Bl\u00e4tter verstr\u00f6men ein subtiles, feinrauchiges Aroma. Der Aufguss zeigt eine klare, gold-kupferfarbene Tassenfarbe und entfaltet eine cremig-florale, leicht ger\u00f6stete Duftkomposition.<\/p>\n<p data-start=\"585\" data-end=\"1009\">Im Geschmack pr\u00e4sentiert sich der Tee ausgewogen und vielschichtig: zu Beginn eine dezente fruchtige S\u00e4ure und helle, malzige Ankl\u00e4nge, gefolgt von einer geschmeidigen Textur mit cremigen und ger\u00f6steten Noten, die an Buchweizen und Malz erinnern. Die sensorische Entwicklung verl\u00e4uft harmonisch, ohne Dominanz einzelner Komponenten; die R\u00f6staromen f\u00fcgen sich integrativ in das Gesamtprofil ein.<\/p>\n<p data-start=\"1011\" data-end=\"1411\" data-is-last-node=\"\" data-is-only-node=\"\">Der Nachklang ist klar, erfrischend und von feiner W\u00fcrze begleitet, was die sensorische Tiefe zus\u00e4tzlich unterstreicht. Insgesamt handelt es sich um einen technisch pr\u00e4zise verarbeiteten, sensorisch ausgewogenen Oolong, der durch handwerkliche Finesse, aromatische Balance und nachhaltige Milde \u00fcberzeugt \u2013 ein repr\u00e4sentatives Beispiel taiwanischer Teekunst auf Wettbewerbsniveau.<\/p>\n<\/div>\n<\/div>\n<\/div>\n<\/div>\n<div class=\"z-0 flex min-h-[46px] justify-start\"><div class=\"row mt-5\">\n   <div class=\"col-md-12 text-center\">\n      <h3>Zubereitungsempfehlung<\/h3>\n   <\/div>\n   <\/div><div class=\"row\">   <div class=\"col-md-4 wc-info-box\">\n      <i class=\"fa fa-3x fa-scale-balanced\"><\/i>\n      <h4>5 Gramm Tee pro 200ml<\/h4>\n      <\/div>   <div class=\"col-md-4 wc-info-box\">\n      <i class=\"fa fa-3x fa-temperature-full\"><\/i>\n      <h4>85\u00b0C Wassertemperatur<\/h4>\n      <\/div>   <div class=\"col-md-4 wc-info-box\">\n      <i class=\"fa fa-3x fa-clock\"><\/i>\n      <h4>1-2 Minuten Ziehzeit<\/h4>\n      <\/div><\/div><\/div>\n<div class=\"mt-3 w-full empty:hidden\"><\/div>\n<\/div>\n<\/div>\n<\/article>\n<\/div>\n<\/div>\n<\/div>\n<\/div>\n<div id=\"thread-bottom-container\" class=\"group\/thread-bottom-container relative isolate z-10 w-full basis-auto has-data-has-thread-error:pt-2 has-data-has-thread-error:[box-shadow:var(--sharp-edge-bottom-shadow)] md:border-transparent md:pt-0 dark:border-white\/20 md:dark:border-transparent content-fade single-line flex flex-col\">\n<div id=\"thread-bottom\">\n<div class=\"text-base mx-auto [--thread-content-margin:--spacing(4)] thread-sm:[--thread-content-margin:--spacing(6)] thread-lg:[--thread-content-margin:--spacing(16)] px-(--thread-content-margin)\">\n<div class=\"[--thread-content-max-width:40rem] thread-lg:[--thread-content-max-width:48rem] mx-auto max-w-(--thread-content-max-width) flex-1\">\n<div class=\"pointer-events-auto relative z-1 flex h-[var(--composer-container-height,100%)] max-w-full flex-[var(--composer-container-flex,1)] flex-col\">\n<form class=\"group\/composer w-full\" data-type=\"unified-composer\">\n<div class=\"\">\n<div class=\"bg-token-bg-primary cursor-text overflow-clip bg-clip-padding p-2.5 contain-inline-size dark:bg-[#303030] grid grid-cols-[auto_1fr_auto] [grid-template-areas:'header_header_header'_'leading_primary_trailing'_'._footer_.'] group-data-expanded\/composer:[grid-template-areas:'header_header_header'_'primary_primary_primary'_'leading_footer_trailing'] shadow-short\">\n<div class=\"flex items-center gap-2 [grid-area:trailing]\">\n<div class=\"ms-auto flex items-center gap-1.5\">\n<div class=\"min-w-9\" data-testid=\"composer-speech-button-container\">\n<div class=\"flex items-center justify-center\"><\/div>\n<\/div>\n<\/div>\n<\/div>\n<\/div>\n<\/div>\n<\/form>\n<\/div>\n<\/div>\n<\/div>\n<\/div>\n<\/div>\n","protected":false},"excerpt":{"rendered":"<p>Der Competition-Grade Dong Ding Jin Xuan Oolong ist ein Tee der Premiumklasse aus der renommierten Teeanbauregion Lugu, Landkreis Nantou (Taiwan).<\/p>\n","protected":false},"featured_media":4761,"template":"","meta":[],"product_brand":[],"product_cat":[95,16],"product_tag":[],"class_list":{"0":"post-4760","1":"product","2":"type-product","3":"status-publish","4":"has-post-thumbnail","6":"product_cat-oolong-tee","7":"product_cat-tee","9":"first","10":"instock","11":"taxable","12":"shipping-taxable","13":"purchasable","14":"product-type-simple"},"_links":{"self":[{"href":"https:\/\/harly-tea.at\/de\/wp-json\/wp\/v2\/product\/4760","targetHints":{"allow":["GET"]}}],"collection":[{"href":"https:\/\/harly-tea.at\/de\/wp-json\/wp\/v2\/product"}],"about":[{"href":"https:\/\/harly-tea.at\/de\/wp-json\/wp\/v2\/types\/product"}],"wp:featuredmedia":[{"embeddable":true,"href":"https:\/\/harly-tea.at\/de\/wp-json\/wp\/v2\/media\/4761"}],"wp:attachment":[{"href":"https:\/\/harly-tea.at\/de\/wp-json\/wp\/v2\/media?parent=4760"}],"wp:term":[{"taxonomy":"product_brand","embeddable":true,"href":"https:\/\/harly-tea.at\/de\/wp-json\/wp\/v2\/product_brand?post=4760"},{"taxonomy":"product_cat","embeddable":true,"href":"https:\/\/harly-tea.at\/de\/wp-json\/wp\/v2\/product_cat?post=4760"},{"taxonomy":"product_tag","embeddable":true,"href":"https:\/\/harly-tea.at\/de\/wp-json\/wp\/v2\/product_tag?post=4760"}],"curies":[{"name":"wp","href":"https:\/\/api.w.org\/{rel}","templated":true}]}}