{"id":4767,"date":"2025-10-16T12:53:52","date_gmt":"2025-10-16T10:53:52","guid":{"rendered":"https:\/\/harly-tea.at\/?post_type=product&#038;p=4767"},"modified":"2025-10-16T12:53:53","modified_gmt":"2025-10-16T10:53:53","slug":"china-muscatel-dragon-bio-100g","status":"publish","type":"product","link":"https:\/\/harly-tea.at\/de\/produkt\/china-muscatel-dragon-bio-100g\/","title":{"rendered":"China Muscatel Dragon BIO 100g"},"content":{"rendered":"<p>Diese Spezialit\u00e4t stammt aus den bergigen H\u00f6henlagen (800-2000m)\u00a0Yunnans.\u00a0Ein Tee mit feinw\u00fcrziger Honignote im Zusammenspiel mit Muskatel Aroma und\u00a0sch\u00f6ner S\u00fc\u00dfe (DE-\u00d6KO039)<\/p>\n<p>&nbsp;<\/p>\n<div class=\"row mt-5\">\n   <div class=\"col-md-12 text-center\">\n      <h3>Zubereitungsempfehlung<\/h3>\n   <\/div>\n   <\/div><div class=\"row\">   <div class=\"col-md-4 wc-info-box\">\n      <i class=\"fa fa-3x fa-scale-balanced\"><\/i>\n      <h4>5 Gramm Tee pro 200ml<\/h4>\n      <\/div>   <div class=\"col-md-4 wc-info-box\">\n      <i class=\"fa fa-3x fa-temperature-full\"><\/i>\n      <h4>90\u00b0C Wassertemperatur<\/h4>\n      <\/div>   <div class=\"col-md-4 wc-info-box\">\n      <i class=\"fa fa-3x fa-clock\"><\/i>\n      <h4>1-2 Minuten Ziehzeit<\/h4>\n      <\/div><\/div>\n","protected":false},"excerpt":{"rendered":"<p>Diese Spezialit\u00e4t stammt aus den bergigen H\u00f6henlagen (800-2000m)\u00a0Yunnans.\u00a0Ein Tee mit feinw\u00fcrziger Honignote im Zusammenspiel mit Muskatel Aroma und\u00a0sch\u00f6ner S\u00fc\u00dfe (DE-\u00d6KO039)<\/p>\n","protected":false},"featured_media":4768,"template":"","meta":[],"product_brand":[],"product_cat":[16,95],"product_tag":[],"class_list":{"0":"post-4767","1":"product","2":"type-product","3":"status-publish","4":"has-post-thumbnail","6":"product_cat-tee","7":"product_cat-oolong-tee","9":"first","10":"instock","11":"taxable","12":"shipping-taxable","13":"purchasable","14":"product-type-simple"},"_links":{"self":[{"href":"https:\/\/harly-tea.at\/de\/wp-json\/wp\/v2\/product\/4767","targetHints":{"allow":["GET"]}}],"collection":[{"href":"https:\/\/harly-tea.at\/de\/wp-json\/wp\/v2\/product"}],"about":[{"href":"https:\/\/harly-tea.at\/de\/wp-json\/wp\/v2\/types\/product"}],"wp:featuredmedia":[{"embeddable":true,"href":"https:\/\/harly-tea.at\/de\/wp-json\/wp\/v2\/media\/4768"}],"wp:attachment":[{"href":"https:\/\/harly-tea.at\/de\/wp-json\/wp\/v2\/media?parent=4767"}],"wp:term":[{"taxonomy":"product_brand","embeddable":true,"href":"https:\/\/harly-tea.at\/de\/wp-json\/wp\/v2\/product_brand?post=4767"},{"taxonomy":"product_cat","embeddable":true,"href":"https:\/\/harly-tea.at\/de\/wp-json\/wp\/v2\/product_cat?post=4767"},{"taxonomy":"product_tag","embeddable":true,"href":"https:\/\/harly-tea.at\/de\/wp-json\/wp\/v2\/product_tag?post=4767"}],"curies":[{"name":"wp","href":"https:\/\/api.w.org\/{rel}","templated":true}]}}